{"id":2597,"date":"2022-02-17T13:43:53","date_gmt":"2022-02-17T12:43:53","guid":{"rendered":"https:\/\/www.caminodesantiago.sk\/notuebernachtung\/"},"modified":"2023-03-16T17:58:36","modified_gmt":"2023-03-16T16:58:36","slug":"notuebernachtung","status":"publish","type":"page","link":"https:\/\/www.caminodesantiago.sk\/de\/ueber-den-camino\/notuebernachtung\/","title":{"rendered":"Not\u00fcbernachtung"},"content":{"rendered":"\t\t<div data-elementor-type=\"wp-page\" data-elementor-id=\"2597\" class=\"elementor elementor-2597 elementor-1208\">\n\t\t\t\t\t\t<section class=\"elementor-section elementor-top-section elementor-element elementor-element-92e528d elementor-section-boxed elementor-section-height-default elementor-section-height-default\" data-id=\"92e528d\" data-element_type=\"section\">\n\t\t\t\t\t\t<div class=\"elementor-container elementor-column-gap-default\">\n\t\t\t\t\t<div class=\"elementor-column elementor-col-100 elementor-top-column elementor-element elementor-element-fa87722\" data-id=\"fa87722\" data-element_type=\"column\">\n\t\t\t<div class=\"elementor-widget-wrap elementor-element-populated\">\n\t\t\t\t\t\t<div class=\"elementor-element elementor-element-7850c06 elementor-widget elementor-widget-text-editor\" data-id=\"7850c06\" data-element_type=\"widget\" data-widget_type=\"text-editor.default\">\n\t\t\t\t<div class=\"elementor-widget-container\">\n\t\t\t\t\t\t\t\t\t<p>Selbst bei bester Planung, insbesondere bei l\u00e4ngeren Strecken, kann es vorkommen, dass etwas nicht nach Plan und Person verl\u00e4uft und man pl\u00f6tzlich allein gelassen wird, ohne ein freies Bett.<\/p>\n<p>Auch \u00fcber solche F\u00e4lle nachzudenken und einen Schlafsack und eine Matte im Voraus in einen Rucksack zu packen, ist eine gute Wahl, da dies ein letzter Ausweg f\u00fcr eine relativ angenehme Nacht sein kann.<\/p>\n<p>Verschiedene Unterst\u00e4nde, Unterst\u00e4nde oder zum Beispiel ein im Bau befindliches Geb\u00e4ude irgendwo am Rande des Dorfes eignen sich gut f\u00fcr den Notfallschlaf. Manchmal reicht es aus, um Erlaubnis zu bitten und mit jemandem im Garten im Pavillon oder auf der Terrasse zu schlafen. Nur wenige lehnen den Pilger ab. Einige H\u00fctten und Hostels bieten auch die M\u00f6glichkeit einer Notunterkunft, wenn Sie Ihren eigenen Schlafsack haben. Die M\u00f6glichkeiten, die Nacht in freier Wildbahn zu verbringen, sind etwas eingeschr\u00e4nkter. Die slowakische Gesetzgebung ist in dieser Hinsicht klar und muss eingehalten werden.<\/p>\n<p>In unserem Land gibt es verschiedene gro\u00dfe Gebiete,\u00a0<strong>die in 5 Naturschutzstufen<\/strong>\u00a0unterteilt sind. Davon ist\u00a0<strong>nur in Gebieten mit Schutzstufe 1 und 2 Freiz\u00fcgigkeit und Camping Biwak erlaubt<\/strong>. In Gebieten\u00a0<strong>mit einem h\u00f6heren Naturschutzniveau<\/strong>\u00a0(wie Nationalparks, nationale Naturschutzgebiete, Naturdenkm\u00e4ler usw.) sind\u00a0<strong>\u00dcbernachtungen in der Natur Biwak strengstens verboten<\/strong>. In Nationalparks ist es jedoch gestattet, an reservierten Orten gem\u00e4\u00df den Besuchsregeln des jeweiligen Nationalparks zu schlafen. Auch Bewegung ist hier meist nur von Sonnenaufgang bis Sonnenuntergang und nur auf markierten Wanderwegen m\u00f6glich.<\/p>\n\t\t\t\t\t\t\t\t<\/div>\n\t\t\t\t<\/div>\n\t\t\t\t<section class=\"elementor-section elementor-inner-section elementor-element elementor-element-098af4c elementor-section-boxed elementor-section-height-default elementor-section-height-default\" data-id=\"098af4c\" data-element_type=\"section\" data-settings=\"{&quot;background_background&quot;:&quot;classic&quot;}\">\n\t\t\t\t\t\t<div class=\"elementor-container elementor-column-gap-default\">\n\t\t\t\t\t<div class=\"elementor-column elementor-col-33 elementor-inner-column elementor-element elementor-element-a3deba1\" data-id=\"a3deba1\" data-element_type=\"column\">\n\t\t\t<div class=\"elementor-widget-wrap elementor-element-populated\">\n\t\t\t\t\t\t<div class=\"elementor-element elementor-element-39e2afc elementor-view-default elementor-widget elementor-widget-icon\" data-id=\"39e2afc\" data-element_type=\"widget\" data-widget_type=\"icon.default\">\n\t\t\t\t<div class=\"elementor-widget-container\">\n\t\t\t\t\t\t\t<div class=\"elementor-icon-wrapper\">\n\t\t\t<div class=\"elementor-icon\">\n\t\t\t<i aria-hidden=\"true\" class=\"fas fa-tree\"><\/i>\t\t\t<\/div>\n\t\t<\/div>\n\t\t\t\t\t\t<\/div>\n\t\t\t\t<\/div>\n\t\t\t\t\t<\/div>\n\t\t<\/div>\n\t\t\t\t<div class=\"elementor-column elementor-col-66 elementor-inner-column elementor-element elementor-element-6a48df8\" data-id=\"6a48df8\" data-element_type=\"column\">\n\t\t\t<div class=\"elementor-widget-wrap elementor-element-populated\">\n\t\t\t\t\t\t<div class=\"elementor-element elementor-element-9daa66d elementor-widget elementor-widget-text-editor\" data-id=\"9daa66d\" data-element_type=\"widget\" data-widget_type=\"text-editor.default\">\n\t\t\t\t<div class=\"elementor-widget-container\">\n\t\t\t\t\t\t\t\t\t<p><strong>Wir bitten die Pilger, sich immer mit den Regeln vertraut zu machen, die f\u00fcr jedes Gebiet gelten, in dem sie die Nacht in der Natur verbringen m\u00f6chten, diese Regeln zu respektieren und so unsere sch\u00f6ne Natur zu sch\u00fctzen.<\/strong><\/p>\n\t\t\t\t\t\t\t\t<\/div>\n\t\t\t\t<\/div>\n\t\t\t\t\t<\/div>\n\t\t<\/div>\n\t\t\t\t\t<\/div>\n\t\t<\/section>\n\t\t\t\t\t<\/div>\n\t\t<\/div>\n\t\t\t\t\t<\/div>\n\t\t<\/section>\n\t\t\t\t<section class=\"elementor-section elementor-inner-section elementor-element elementor-element-cd2df1b elementor-section-boxed elementor-section-height-default elementor-section-height-default\" data-id=\"cd2df1b\" data-element_type=\"section\">\n\t\t\t\t\t\t<div class=\"elementor-container elementor-column-gap-default\">\n\t\t\t\t\t<div class=\"elementor-column elementor-col-50 elementor-inner-column elementor-element elementor-element-8d833b9\" data-id=\"8d833b9\" data-element_type=\"column\">\n\t\t\t<div class=\"elementor-widget-wrap elementor-element-populated\">\n\t\t\t\t\t\t<div class=\"elementor-element elementor-element-2e030ed elementor-widget elementor-widget-image\" data-id=\"2e030ed\" data-element_type=\"widget\" data-widget_type=\"image.default\">\n\t\t\t\t<div class=\"elementor-widget-container\">\n\t\t\t\t\t\t\t\t\t\t\t\t\t\t\t<img fetchpriority=\"high\" decoding=\"async\" width=\"768\" height=\"512\" src=\"https:\/\/www.caminodesantiago.sk\/wp-content\/uploads\/znacenie-na-zastavke-autobusu-768x512.jpg\" class=\"attachment-medium_large size-medium_large wp-image-969\" alt=\"\" srcset=\"https:\/\/www.caminodesantiago.sk\/wp-content\/uploads\/znacenie-na-zastavke-autobusu-768x512.jpg 768w, https:\/\/www.caminodesantiago.sk\/wp-content\/uploads\/znacenie-na-zastavke-autobusu-600x400.jpg 600w, https:\/\/www.caminodesantiago.sk\/wp-content\/uploads\/znacenie-na-zastavke-autobusu-650x433.jpg 650w, https:\/\/www.caminodesantiago.sk\/wp-content\/uploads\/znacenie-na-zastavke-autobusu-1536x1024.jpg 1536w, https:\/\/www.caminodesantiago.sk\/wp-content\/uploads\/znacenie-na-zastavke-autobusu.jpg 1920w\" sizes=\"(max-width: 768px) 100vw, 768px\" \/>\t\t\t\t\t\t\t\t\t\t\t\t\t\t\t<\/div>\n\t\t\t\t<\/div>\n\t\t\t\t\t<\/div>\n\t\t<\/div>\n\t\t\t\t<div class=\"elementor-column elementor-col-50 elementor-inner-column elementor-element elementor-element-850a92c\" data-id=\"850a92c\" data-element_type=\"column\">\n\t\t\t<div class=\"elementor-widget-wrap elementor-element-populated\">\n\t\t\t\t\t\t<div class=\"elementor-element elementor-element-ca4348d elementor-widget elementor-widget-text-editor\" data-id=\"ca4348d\" data-element_type=\"widget\" data-widget_type=\"text-editor.default\">\n\t\t\t\t<div class=\"elementor-widget-container\">\n\t\t\t\t\t\t\t\t\t<p><strong>Anmerkung.:<\/strong>\u00a0Die Sorgen um eine Not\u00fcbernachtung verschwinden mit der rechtzeitigen Buchung von Unterkunftspl\u00e4tzen.<\/p>\n\t\t\t\t\t\t\t\t<\/div>\n\t\t\t\t<\/div>\n\t\t\t\t\t<\/div>\n\t\t<\/div>\n\t\t\t\t\t<\/div>\n\t\t<\/section>\n\t\t\t\t<\/div>\n\t\t","protected":false},"excerpt":{"rendered":"<p>Selbst bei bester Planung, insbesondere bei l\u00e4ngeren Strecken, kann es vorkommen, dass etwas nicht nach Plan und Person verl\u00e4uft und man pl\u00f6tzlich allein gelassen wird, ohne ein freies Bett. Auch \u00fcber solche F\u00e4lle nachzudenken und einen Schlafsack und eine Matte im Voraus in einen Rucksack zu packen, ist eine gute Wahl, da dies ein letzter [&hellip;]<\/p>\n","protected":false},"author":1,"featured_media":969,"parent":2611,"menu_order":0,"comment_status":"closed","ping_status":"closed","template":"","meta":{"_acf_changed":false,"footnotes":""},"categories":[133],"class_list":["post-2597","page","type-page","status-publish","has-post-thumbnail","hentry","category-praktische-informationen"],"acf":[],"jetpack_sharing_enabled":true,"_links":{"self":[{"href":"https:\/\/www.caminodesantiago.sk\/de\/wp-json\/wp\/v2\/pages\/2597","targetHints":{"allow":["GET"]}}],"collection":[{"href":"https:\/\/www.caminodesantiago.sk\/de\/wp-json\/wp\/v2\/pages"}],"about":[{"href":"https:\/\/www.caminodesantiago.sk\/de\/wp-json\/wp\/v2\/types\/page"}],"author":[{"embeddable":true,"href":"https:\/\/www.caminodesantiago.sk\/de\/wp-json\/wp\/v2\/users\/1"}],"replies":[{"embeddable":true,"href":"https:\/\/www.caminodesantiago.sk\/de\/wp-json\/wp\/v2\/comments?post=2597"}],"version-history":[{"count":1,"href":"https:\/\/www.caminodesantiago.sk\/de\/wp-json\/wp\/v2\/pages\/2597\/revisions"}],"predecessor-version":[{"id":2598,"href":"https:\/\/www.caminodesantiago.sk\/de\/wp-json\/wp\/v2\/pages\/2597\/revisions\/2598"}],"up":[{"embeddable":true,"href":"https:\/\/www.caminodesantiago.sk\/de\/wp-json\/wp\/v2\/pages\/2611"}],"wp:featuredmedia":[{"embeddable":true,"href":"https:\/\/www.caminodesantiago.sk\/de\/wp-json\/wp\/v2\/media\/969"}],"wp:attachment":[{"href":"https:\/\/www.caminodesantiago.sk\/de\/wp-json\/wp\/v2\/media?parent=2597"}],"wp:term":[{"taxonomy":"category","embeddable":true,"href":"https:\/\/www.caminodesantiago.sk\/de\/wp-json\/wp\/v2\/categories?post=2597"}],"curies":[{"name":"wp","href":"https:\/\/api.w.org\/{rel}","templated":true}]}}