{"id":2605,"date":"2022-02-17T13:38:19","date_gmt":"2022-02-17T12:38:19","guid":{"rendered":"https:\/\/www.caminodesantiago.sk\/navigation-auf-der-route\/"},"modified":"2023-03-17T14:00:50","modified_gmt":"2023-03-17T13:00:50","slug":"navigation-auf-der-route","status":"publish","type":"page","link":"https:\/\/www.caminodesantiago.sk\/de\/ueber-den-camino\/navigation-auf-der-route\/","title":{"rendered":"Navigation auf der Route"},"content":{"rendered":"\t\t<div data-elementor-type=\"wp-page\" data-elementor-id=\"2605\" class=\"elementor elementor-2605 elementor-1202\">\n\t\t\t\t\t\t<section class=\"elementor-section elementor-top-section elementor-element elementor-element-4398169 elementor-section-boxed elementor-section-height-default elementor-section-height-default\" data-id=\"4398169\" data-element_type=\"section\">\n\t\t\t\t\t\t<div class=\"elementor-container elementor-column-gap-default\">\n\t\t\t\t\t<div class=\"elementor-column elementor-col-100 elementor-top-column elementor-element elementor-element-7e07b2c\" data-id=\"7e07b2c\" data-element_type=\"column\">\n\t\t\t<div class=\"elementor-widget-wrap elementor-element-populated\">\n\t\t\t\t\t\t<div class=\"elementor-element elementor-element-142d096 elementor-widget elementor-widget-text-editor\" data-id=\"142d096\" data-element_type=\"widget\" data-widget_type=\"text-editor.default\">\n\t\t\t\t<div class=\"elementor-widget-container\">\n\t\t\t\t\t\t\t\t\t<p>Der Jakobsweg f\u00fchrt normalerweise auf offiziellen Wander- und Radwegen. Es gibt jedoch auch Abschnitte, in denen die Route unabh\u00e4ngig durch das Gel\u00e4nde f\u00fchrt.<\/p>\n<p>Trotz der Markierungen empfehlen wir\u00a0<strong>die Verwendung einer Karte, eines Bedekers oder einer digitalen Navigation in einem Smartphone<\/strong>.<\/p>\n\t\t\t\t\t\t\t\t<\/div>\n\t\t\t\t<\/div>\n\t\t\t\t\t<\/div>\n\t\t<\/div>\n\t\t\t\t\t<\/div>\n\t\t<\/section>\n\t\t\t\t<section class=\"elementor-section elementor-top-section elementor-element elementor-element-23cc7ae elementor-section-boxed elementor-section-height-default elementor-section-height-default\" data-id=\"23cc7ae\" data-element_type=\"section\">\n\t\t\t\t\t\t<div class=\"elementor-container elementor-column-gap-default\">\n\t\t\t\t\t<div class=\"elementor-column elementor-col-100 elementor-top-column elementor-element elementor-element-368398a\" data-id=\"368398a\" data-element_type=\"column\">\n\t\t\t<div class=\"elementor-widget-wrap elementor-element-populated\">\n\t\t\t\t\t\t<div class=\"elementor-element elementor-element-1aedaa1 elementor-widget elementor-widget-heading\" data-id=\"1aedaa1\" data-element_type=\"widget\" data-widget_type=\"heading.default\">\n\t\t\t\t<div class=\"elementor-widget-container\">\n\t\t\t\t\t<h2 class=\"elementor-heading-title elementor-size-xl\">Orientierung auf der Route<\/h2>\t\t\t\t<\/div>\n\t\t\t\t<\/div>\n\t\t\t\t<section class=\"elementor-section elementor-inner-section elementor-element elementor-element-f2b1651 elementor-section-boxed elementor-section-height-default elementor-section-height-default\" data-id=\"f2b1651\" data-element_type=\"section\">\n\t\t\t\t\t\t<div class=\"elementor-container elementor-column-gap-default\">\n\t\t\t\t\t<div class=\"elementor-column elementor-col-50 elementor-inner-column elementor-element elementor-element-feae2bf\" data-id=\"feae2bf\" data-element_type=\"column\">\n\t\t\t<div class=\"elementor-widget-wrap elementor-element-populated\">\n\t\t\t\t\t\t<div class=\"elementor-element elementor-element-36f21ee elementor-widget elementor-widget-image\" data-id=\"36f21ee\" data-element_type=\"widget\" data-widget_type=\"image.default\">\n\t\t\t\t<div class=\"elementor-widget-container\">\n\t\t\t\t\t\t\t\t\t\t\t\t\t\t\t<img fetchpriority=\"high\" decoding=\"async\" width=\"768\" height=\"512\" src=\"https:\/\/www.caminodesantiago.sk\/wp-content\/uploads\/bedekre-na-drevenom-stole-768x512.jpg\" class=\"attachment-medium_large size-medium_large wp-image-1077\" alt=\"\" srcset=\"https:\/\/www.caminodesantiago.sk\/wp-content\/uploads\/bedekre-na-drevenom-stole-768x512.jpg 768w, https:\/\/www.caminodesantiago.sk\/wp-content\/uploads\/bedekre-na-drevenom-stole-600x400.jpg 600w, https:\/\/www.caminodesantiago.sk\/wp-content\/uploads\/bedekre-na-drevenom-stole-650x434.jpg 650w, https:\/\/www.caminodesantiago.sk\/wp-content\/uploads\/bedekre-na-drevenom-stole.jpg 1024w\" sizes=\"(max-width: 768px) 100vw, 768px\" \/>\t\t\t\t\t\t\t\t\t\t\t\t\t\t\t<\/div>\n\t\t\t\t<\/div>\n\t\t\t\t<div class=\"elementor-element elementor-element-094e7d8 elementor-widget elementor-widget-heading\" data-id=\"094e7d8\" data-element_type=\"widget\" data-widget_type=\"heading.default\">\n\t\t\t\t<div class=\"elementor-widget-container\">\n\t\t\t\t\t<h3 class=\"elementor-heading-title elementor-size-large\">Bedeker (Buchf\u00fchrer)<\/h3>\t\t\t\t<\/div>\n\t\t\t\t<\/div>\n\t\t\t\t<div class=\"elementor-element elementor-element-438fb0f elementor-widget elementor-widget-text-editor\" data-id=\"438fb0f\" data-element_type=\"widget\" data-widget_type=\"text-editor.default\">\n\t\t\t\t<div class=\"elementor-widget-container\">\n\t\t\t\t\t\t\t\t\t<p>Bedeker (Buchf\u00fchrer) ist ein Werkzeug, das Sie immer bei sich haben sollten. Es bietet (zus\u00e4tzlich zur Kartenvorschau) auch andere Informationen, die f\u00fcr den Pilger notwendig sind, d.h. Unterkunft, Verpflegung, Routenbeschreibung und dergleichen.<\/p>\n<p>Bedeker kann von dieser Website (Shop) bezogen oder in ausgewiesenen Informationsb\u00fcros und Pilgerh\u00e4usern gekauft werden.<\/p>\n\t\t\t\t\t\t\t\t<\/div>\n\t\t\t\t<\/div>\n\t\t\t\t<div class=\"elementor-element elementor-element-75e9fc7 elementor-widget elementor-widget-button\" data-id=\"75e9fc7\" data-element_type=\"widget\" data-widget_type=\"button.default\">\n\t\t\t\t<div class=\"elementor-widget-container\">\n\t\t\t\t\t\t\t\t\t<div class=\"elementor-button-wrapper\">\n\t\t\t\t\t<a class=\"elementor-button elementor-button-link elementor-size-sm\" href=\"#\">\n\t\t\t\t\t\t<span class=\"elementor-button-content-wrapper\">\n\t\t\t\t\t\t\t\t\t<span class=\"elementor-button-text\">Zum E-Shop<\/span>\n\t\t\t\t\t<\/span>\n\t\t\t\t\t<\/a>\n\t\t\t\t<\/div>\n\t\t\t\t\t\t\t\t<\/div>\n\t\t\t\t<\/div>\n\t\t\t\t\t<\/div>\n\t\t<\/div>\n\t\t\t\t<div class=\"elementor-column elementor-col-50 elementor-inner-column elementor-element elementor-element-c907662\" data-id=\"c907662\" data-element_type=\"column\">\n\t\t\t<div class=\"elementor-widget-wrap elementor-element-populated\">\n\t\t\t\t\t\t<div class=\"elementor-element elementor-element-47020ce elementor-widget elementor-widget-image\" data-id=\"47020ce\" data-element_type=\"widget\" data-widget_type=\"image.default\">\n\t\t\t\t<div class=\"elementor-widget-container\">\n\t\t\t\t\t\t\t\t\t\t\t\t\t\t\t<img decoding=\"async\" width=\"768\" height=\"512\" src=\"https:\/\/www.caminodesantiago.sk\/wp-content\/uploads\/navigacia-smartfonom-768x512.jpg\" class=\"attachment-medium_large size-medium_large wp-image-1079\" alt=\"\" srcset=\"https:\/\/www.caminodesantiago.sk\/wp-content\/uploads\/navigacia-smartfonom-768x512.jpg 768w, https:\/\/www.caminodesantiago.sk\/wp-content\/uploads\/navigacia-smartfonom-600x400.jpg 600w, https:\/\/www.caminodesantiago.sk\/wp-content\/uploads\/navigacia-smartfonom-650x434.jpg 650w, https:\/\/www.caminodesantiago.sk\/wp-content\/uploads\/navigacia-smartfonom.jpg 1024w\" sizes=\"(max-width: 768px) 100vw, 768px\" \/>\t\t\t\t\t\t\t\t\t\t\t\t\t\t\t<\/div>\n\t\t\t\t<\/div>\n\t\t\t\t<div class=\"elementor-element elementor-element-c562569 elementor-widget elementor-widget-heading\" data-id=\"c562569\" data-element_type=\"widget\" data-widget_type=\"heading.default\">\n\t\t\t\t<div class=\"elementor-widget-container\">\n\t\t\t\t\t<h3 class=\"elementor-heading-title elementor-size-large\">Digitale Navigation \u00fcber ein Smartphone<\/h3>\t\t\t\t<\/div>\n\t\t\t\t<\/div>\n\t\t\t\t<div class=\"elementor-element elementor-element-41f65d8 elementor-widget elementor-widget-text-editor\" data-id=\"41f65d8\" data-element_type=\"widget\" data-widget_type=\"text-editor.default\">\n\t\t\t\t<div class=\"elementor-widget-container\">\n\t\t\t\t\t\t\t\t\t<p>Digitale Navigation \u00fcber ein Smartphone ist heute die praktischste, genaueste und am h\u00e4ufigsten verwendete Art der Navigation auf dem Weg. Aus diesem Grund wird es separat beschrieben.<\/p>\n\t\t\t\t\t\t\t\t<\/div>\n\t\t\t\t<\/div>\n\t\t\t\t<div class=\"elementor-element elementor-element-53112da elementor-widget elementor-widget-button\" data-id=\"53112da\" data-element_type=\"widget\" data-widget_type=\"button.default\">\n\t\t\t\t<div class=\"elementor-widget-container\">\n\t\t\t\t\t\t\t\t\t<div class=\"elementor-button-wrapper\">\n\t\t\t\t\t<a class=\"elementor-button elementor-button-link elementor-size-sm\" href=\"#\">\n\t\t\t\t\t\t<span class=\"elementor-button-content-wrapper\">\n\t\t\t\t\t\t\t\t\t<span class=\"elementor-button-text\">Mehr zu Smartphone-Navigation<\/span>\n\t\t\t\t\t<\/span>\n\t\t\t\t\t<\/a>\n\t\t\t\t<\/div>\n\t\t\t\t\t\t\t\t<\/div>\n\t\t\t\t<\/div>\n\t\t\t\t\t<\/div>\n\t\t<\/div>\n\t\t\t\t\t<\/div>\n\t\t<\/section>\n\t\t\t\t<section class=\"elementor-section elementor-inner-section elementor-element elementor-element-368c5a0 elementor-section-boxed elementor-section-height-default elementor-section-height-default\" data-id=\"368c5a0\" data-element_type=\"section\">\n\t\t\t\t\t\t<div class=\"elementor-container elementor-column-gap-default\">\n\t\t\t\t\t<div class=\"elementor-column elementor-col-50 elementor-inner-column elementor-element elementor-element-f149256\" data-id=\"f149256\" data-element_type=\"column\">\n\t\t\t<div class=\"elementor-widget-wrap elementor-element-populated\">\n\t\t\t\t\t\t<div class=\"elementor-element elementor-element-2086b9c elementor-widget elementor-widget-image\" data-id=\"2086b9c\" data-element_type=\"widget\" data-widget_type=\"image.default\">\n\t\t\t\t<div class=\"elementor-widget-container\">\n\t\t\t\t\t\t\t\t\t\t\t\t\t\t\t<img decoding=\"async\" width=\"768\" height=\"512\" src=\"https:\/\/www.caminodesantiago.sk\/wp-content\/uploads\/znacenie-trasy-obdlznik-1-768x512.jpg\" class=\"attachment-medium_large size-medium_large wp-image-1078\" alt=\"\" srcset=\"https:\/\/www.caminodesantiago.sk\/wp-content\/uploads\/znacenie-trasy-obdlznik-1-768x512.jpg 768w, https:\/\/www.caminodesantiago.sk\/wp-content\/uploads\/znacenie-trasy-obdlznik-1-600x400.jpg 600w, https:\/\/www.caminodesantiago.sk\/wp-content\/uploads\/znacenie-trasy-obdlznik-1-650x434.jpg 650w, https:\/\/www.caminodesantiago.sk\/wp-content\/uploads\/znacenie-trasy-obdlznik-1.jpg 1024w\" sizes=\"(max-width: 768px) 100vw, 768px\" \/>\t\t\t\t\t\t\t\t\t\t\t\t\t\t\t<\/div>\n\t\t\t\t<\/div>\n\t\t\t\t<div class=\"elementor-element elementor-element-27a0f5e elementor-widget elementor-widget-heading\" data-id=\"27a0f5e\" data-element_type=\"widget\" data-widget_type=\"heading.default\">\n\t\t\t\t<div class=\"elementor-widget-container\">\n\t\t\t\t\t<h3 class=\"elementor-heading-title elementor-size-large\">Reiseroute<\/h3>\t\t\t\t<\/div>\n\t\t\t\t<\/div>\n\t\t\t\t<div class=\"elementor-element elementor-element-f9731bf elementor-widget elementor-widget-text-editor\" data-id=\"f9731bf\" data-element_type=\"widget\" data-widget_type=\"text-editor.default\">\n\t\t\t\t<div class=\"elementor-widget-container\">\n\t\t\t\t\t\t\t\t\t<p>Auf dieser Website k\u00f6nnen Sie in jeder Etappe eine einseitige Reiseroute f\u00fcr einen bestimmten Abschnitt herunterladen, die eine kurze Zusammenfassung der grundlegenden Informationen zur Route enth\u00e4lt.<\/p>\n\t\t\t\t\t\t\t\t<\/div>\n\t\t\t\t<\/div>\n\t\t\t\t\t<\/div>\n\t\t<\/div>\n\t\t\t\t<div class=\"elementor-column elementor-col-50 elementor-inner-column elementor-element elementor-element-56967b8\" data-id=\"56967b8\" data-element_type=\"column\">\n\t\t\t<div class=\"elementor-widget-wrap elementor-element-populated\">\n\t\t\t\t\t\t<div class=\"elementor-element elementor-element-450681c elementor-widget elementor-widget-image\" data-id=\"450681c\" data-element_type=\"widget\" data-widget_type=\"image.default\">\n\t\t\t\t<div class=\"elementor-widget-container\">\n\t\t\t\t\t\t\t\t\t\t\t\t\t\t\t<img loading=\"lazy\" decoding=\"async\" width=\"768\" height=\"512\" src=\"https:\/\/www.caminodesantiago.sk\/wp-content\/uploads\/mapa-trasy-na-orientaciu-768x512.jpg\" class=\"attachment-medium_large size-medium_large wp-image-1076\" alt=\"\" srcset=\"https:\/\/www.caminodesantiago.sk\/wp-content\/uploads\/mapa-trasy-na-orientaciu-768x512.jpg 768w, https:\/\/www.caminodesantiago.sk\/wp-content\/uploads\/mapa-trasy-na-orientaciu-600x400.jpg 600w, https:\/\/www.caminodesantiago.sk\/wp-content\/uploads\/mapa-trasy-na-orientaciu-650x434.jpg 650w, https:\/\/www.caminodesantiago.sk\/wp-content\/uploads\/mapa-trasy-na-orientaciu.jpg 1024w\" sizes=\"(max-width: 768px) 100vw, 768px\" \/>\t\t\t\t\t\t\t\t\t\t\t\t\t\t\t<\/div>\n\t\t\t\t<\/div>\n\t\t\t\t<div class=\"elementor-element elementor-element-bcd61d5 elementor-widget elementor-widget-heading\" data-id=\"bcd61d5\" data-element_type=\"widget\" data-widget_type=\"heading.default\">\n\t\t\t\t<div class=\"elementor-widget-container\">\n\t\t\t\t\t<h3 class=\"elementor-heading-title elementor-size-large\">Karte<\/h3>\t\t\t\t<\/div>\n\t\t\t\t<\/div>\n\t\t\t\t<div class=\"elementor-element elementor-element-beb6568 elementor-widget elementor-widget-text-editor\" data-id=\"beb6568\" data-element_type=\"widget\" data-widget_type=\"text-editor.default\">\n\t\t\t\t<div class=\"elementor-widget-container\">\n\t\t\t\t\t\t\t\t\t<p>Es ist m\u00f6glich, eine der g\u00e4ngigen Touristenkarten zu verwenden.<\/p>\n\t\t\t\t\t\t\t\t<\/div>\n\t\t\t\t<\/div>\n\t\t\t\t\t<\/div>\n\t\t<\/div>\n\t\t\t\t\t<\/div>\n\t\t<\/section>\n\t\t\t\t\t<\/div>\n\t\t<\/div>\n\t\t\t\t\t<\/div>\n\t\t<\/section>\n\t\t\t\t<\/div>\n\t\t","protected":false},"excerpt":{"rendered":"<p>Der Jakobsweg f\u00fchrt normalerweise auf offiziellen Wander- und Radwegen. Es gibt jedoch auch Abschnitte, in denen die Route unabh\u00e4ngig durch das Gel\u00e4nde f\u00fchrt. Trotz der Markierungen empfehlen wir\u00a0die Verwendung einer Karte, eines Bedekers oder einer digitalen Navigation in einem Smartphone. Orientierung auf der Route Bedeker (Buchf\u00fchrer) Bedeker (Buchf\u00fchrer) ist ein Werkzeug, das Sie immer bei [&hellip;]<\/p>\n","protected":false},"author":1,"featured_media":1077,"parent":2611,"menu_order":0,"comment_status":"closed","ping_status":"closed","template":"","meta":{"_acf_changed":false,"footnotes":""},"categories":[133],"class_list":["post-2605","page","type-page","status-publish","has-post-thumbnail","hentry","category-praktische-informationen"],"acf":[],"jetpack_sharing_enabled":true,"_links":{"self":[{"href":"https:\/\/www.caminodesantiago.sk\/de\/wp-json\/wp\/v2\/pages\/2605","targetHints":{"allow":["GET"]}}],"collection":[{"href":"https:\/\/www.caminodesantiago.sk\/de\/wp-json\/wp\/v2\/pages"}],"about":[{"href":"https:\/\/www.caminodesantiago.sk\/de\/wp-json\/wp\/v2\/types\/page"}],"author":[{"embeddable":true,"href":"https:\/\/www.caminodesantiago.sk\/de\/wp-json\/wp\/v2\/users\/1"}],"replies":[{"embeddable":true,"href":"https:\/\/www.caminodesantiago.sk\/de\/wp-json\/wp\/v2\/comments?post=2605"}],"version-history":[{"count":2,"href":"https:\/\/www.caminodesantiago.sk\/de\/wp-json\/wp\/v2\/pages\/2605\/revisions"}],"predecessor-version":[{"id":2790,"href":"https:\/\/www.caminodesantiago.sk\/de\/wp-json\/wp\/v2\/pages\/2605\/revisions\/2790"}],"up":[{"embeddable":true,"href":"https:\/\/www.caminodesantiago.sk\/de\/wp-json\/wp\/v2\/pages\/2611"}],"wp:featuredmedia":[{"embeddable":true,"href":"https:\/\/www.caminodesantiago.sk\/de\/wp-json\/wp\/v2\/media\/1077"}],"wp:attachment":[{"href":"https:\/\/www.caminodesantiago.sk\/de\/wp-json\/wp\/v2\/media?parent=2605"}],"wp:term":[{"taxonomy":"category","embeddable":true,"href":"https:\/\/www.caminodesantiago.sk\/de\/wp-json\/wp\/v2\/categories?post=2605"}],"curies":[{"name":"wp","href":"https:\/\/api.w.org\/{rel}","templated":true}]}}