{"id":2980,"date":"2024-05-14T13:55:07","date_gmt":"2024-05-14T11:55:07","guid":{"rendered":"https:\/\/www.caminodesantiago.sk\/product\/jakobsmuschel\/"},"modified":"2023-03-13T13:55:07","modified_gmt":"2023-03-13T12:55:07","slug":"jakobsmuschel","status":"publish","type":"product","link":"https:\/\/www.caminodesantiago.sk\/de\/product\/jakobsmuschel\/","title":{"rendered":"Jakobsmuschel"},"content":{"rendered":"<p>Seit Jahrhunderten ist die Jakobsmuschel das inoffizielle Symbol der Pilger, die zum Grab des Apostels Jakobus gehen. Obwohl urspr\u00fcnglich Pilger auf dem Heimweg eine Jakobsmuschel mitgenommen haben, um zu beweisen, dass sie tats\u00e4chlich Santiago de Compostela in Spanien erreicht haben, ist es heute zum Symbol der Pilger geworden, die dorthin fahren, unabh\u00e4ngig davon, ob sie in Santiago ankommen oder nicht.<\/p>\n<p>In unserem Gesch\u00e4ft k\u00f6nnen Sie eine Jakobsmuschel mit dem slowakischen Wappen kaufen, das eindeutig den slowakischen Abschnitt des Jakobswegs darstellt. Es wird mit einer Schnur geliefert, mit der Sie es an Ihrem Rucksack oder einem Kleidungsst\u00fcck aufh\u00e4ngen k\u00f6nnen.<\/p>\n","protected":false},"excerpt":{"rendered":"<p>Seit Jahrhunderten ist die Jakobsmuschel das inoffizielle Symbol der Pilger, die zum Grab des Apostels Jakobus gehen. Obwohl urspr\u00fcnglich Pilger auf dem Heimweg eine Jakobsmuschel mitgenommen haben, um zu beweisen, dass sie tats\u00e4chlich Santiago de Compostela in Spanien erreicht haben, ist es heute zum Symbol der Pilger geworden, die dorthin fahren, unabh\u00e4ngig davon, ob sie [&hellip;]<\/p>\n","protected":false},"featured_media":2508,"comment_status":"closed","ping_status":"closed","template":"","meta":{"_acf_changed":false},"product_brand":[],"product_cat":[146],"product_tag":[],"class_list":{"0":"post-2980","1":"product","2":"type-product","3":"status-publish","4":"has-post-thumbnail","6":"product_cat-pilgerausrustung","8":"first","9":"instock","10":"shipping-taxable","11":"purchasable","12":"product-type-simple"},"acf":[],"jetpack_sharing_enabled":true,"_links":{"self":[{"href":"https:\/\/www.caminodesantiago.sk\/de\/wp-json\/wp\/v2\/product\/2980","targetHints":{"allow":["GET"]}}],"collection":[{"href":"https:\/\/www.caminodesantiago.sk\/de\/wp-json\/wp\/v2\/product"}],"about":[{"href":"https:\/\/www.caminodesantiago.sk\/de\/wp-json\/wp\/v2\/types\/product"}],"replies":[{"embeddable":true,"href":"https:\/\/www.caminodesantiago.sk\/de\/wp-json\/wp\/v2\/comments?post=2980"}],"wp:featuredmedia":[{"embeddable":true,"href":"https:\/\/www.caminodesantiago.sk\/de\/wp-json\/wp\/v2\/media\/2508"}],"wp:attachment":[{"href":"https:\/\/www.caminodesantiago.sk\/de\/wp-json\/wp\/v2\/media?parent=2980"}],"wp:term":[{"taxonomy":"product_brand","embeddable":true,"href":"https:\/\/www.caminodesantiago.sk\/de\/wp-json\/wp\/v2\/product_brand?post=2980"},{"taxonomy":"product_cat","embeddable":true,"href":"https:\/\/www.caminodesantiago.sk\/de\/wp-json\/wp\/v2\/product_cat?post=2980"},{"taxonomy":"product_tag","embeddable":true,"href":"https:\/\/www.caminodesantiago.sk\/de\/wp-json\/wp\/v2\/product_tag?post=2980"}],"curies":[{"name":"wp","href":"https:\/\/api.w.org\/{rel}","templated":true}]}}