{"id":2993,"date":"2024-05-14T09:52:46","date_gmt":"2024-05-14T07:52:46","guid":{"rendered":"https:\/\/www.caminodesantiago.sk\/product\/reisefuhrer-banska-bystrica-hronsky-benadik\/"},"modified":"2023-03-24T14:25:19","modified_gmt":"2023-03-24T13:25:19","slug":"reisefuhrer-banska-bystrica-hronsky-benadik","status":"publish","type":"product","link":"https:\/\/www.caminodesantiago.sk\/de\/product\/reisefuhrer-banska-bystrica-hronsky-benadik\/","title":{"rendered":"Reisef\u00fchrer Bansk\u00e1 Bystrica \u2013 Hronsk\u00fd Be\u0148adik"},"content":{"rendered":"<p>Die Reisef\u00fchrer \u2013 Bedeker sind offizielle Brosch\u00fcren mit detaillierten Informationen zu den einzelnen Abschnitten des Weges, Karten der verschiedenen Etappen, Sehensw\u00fcrdigkeiten auf dem Weg, Tipps zum Schlafen und Essen usw.<\/p>\n<p>Denken Sie daran, dass der Pfad an einigen Stellen noch nicht richtig markiert ist. Aus diesem Grund m\u00fcssen Sie den entsprechenden Reisef\u00fchrer mitnehmen.<\/p>\n<p>Derzeit stehen Ihnen Leitf\u00e4den zu den folgenden Abschnitten zur Verf\u00fcgung. Die Reisef\u00fchrer zu den anderen Abschnitten werden in K\u00fcrze verf\u00fcgbar sein.<\/p>\n","protected":false},"excerpt":{"rendered":"<p>Die Reisef\u00fchrer \u2013 Bedeker sind offizielle Brosch\u00fcren mit detaillierten Informationen zu den einzelnen Abschnitten des Weges, Karten der verschiedenen Etappen, Sehensw\u00fcrdigkeiten auf dem Weg, Tipps zum Schlafen und Essen usw.<\/p>\n<p>Denken Sie daran, dass der Pfad an einigen Stellen noch nicht richtig markiert ist. Aus diesem Grund m\u00fcssen Sie den entsprechenden Reisef\u00fchrer mitnehmen.<\/p>\n<p>Derzeit stehen Ihnen Leitf\u00e4den zu den folgenden Abschnitten zur Verf\u00fcgung. Die Reisef\u00fchrer zu den anderen Abschnitten werden in K\u00fcrze verf\u00fcgbar sein.<\/p>\n","protected":false},"featured_media":2523,"comment_status":"closed","ping_status":"closed","template":"","meta":{"_acf_changed":false},"product_brand":[],"product_cat":[153],"product_tag":[],"class_list":{"0":"post-2993","1":"product","2":"type-product","3":"status-publish","4":"has-post-thumbnail","6":"product_cat-reisefuhrer","8":"first","9":"instock","10":"shipping-taxable","11":"purchasable","12":"product-type-simple"},"acf":[],"jetpack_sharing_enabled":true,"_links":{"self":[{"href":"https:\/\/www.caminodesantiago.sk\/de\/wp-json\/wp\/v2\/product\/2993","targetHints":{"allow":["GET"]}}],"collection":[{"href":"https:\/\/www.caminodesantiago.sk\/de\/wp-json\/wp\/v2\/product"}],"about":[{"href":"https:\/\/www.caminodesantiago.sk\/de\/wp-json\/wp\/v2\/types\/product"}],"replies":[{"embeddable":true,"href":"https:\/\/www.caminodesantiago.sk\/de\/wp-json\/wp\/v2\/comments?post=2993"}],"wp:featuredmedia":[{"embeddable":true,"href":"https:\/\/www.caminodesantiago.sk\/de\/wp-json\/wp\/v2\/media\/2523"}],"wp:attachment":[{"href":"https:\/\/www.caminodesantiago.sk\/de\/wp-json\/wp\/v2\/media?parent=2993"}],"wp:term":[{"taxonomy":"product_brand","embeddable":true,"href":"https:\/\/www.caminodesantiago.sk\/de\/wp-json\/wp\/v2\/product_brand?post=2993"},{"taxonomy":"product_cat","embeddable":true,"href":"https:\/\/www.caminodesantiago.sk\/de\/wp-json\/wp\/v2\/product_cat?post=2993"},{"taxonomy":"product_tag","embeddable":true,"href":"https:\/\/www.caminodesantiago.sk\/de\/wp-json\/wp\/v2\/product_tag?post=2993"}],"curies":[{"name":"wp","href":"https:\/\/api.w.org\/{rel}","templated":true}]}}