{"id":6310,"date":"2024-05-13T22:51:55","date_gmt":"2024-05-13T20:51:55","guid":{"rendered":"https:\/\/www.caminodesantiago.sk\/?post_type=product&#038;p=6310"},"modified":"2024-08-07T13:01:02","modified_gmt":"2024-08-07T11:01:02","slug":"den-13-08-2024-na-skupinovej-puti-2024","status":"publish","type":"product","link":"https:\/\/www.caminodesantiago.sk\/de\/product\/den-13-08-2024-na-skupinovej-puti-2024\/","title":{"rendered":"De\u0148 13.08.2024 na skupinovej p\u00fati 2024: Petronell &#8211; Fischamend"},"content":{"rendered":"<p>Pridajte sa k n\u00e1m na spolo\u010dne organizovan\u00fa p\u00fa\u0165 Slovenskom, tento rok roz\u0161\u00edren\u00fa o ma\u010farsk\u00fa a rak\u00fasku \u010das\u0165!<\/p>\n<p>Nie je potrebn\u00e9 prejs\u0165 cel\u00fa trasu, m\u00f4\u017eete sa prida\u0165 na p\u00e1r dn\u00ed alebo hoci aj len na jeden de\u0148. Do ko\u0161\u00edka m\u00f4\u017eete vlo\u017ei\u0165 nieko\u013eko po sebe id\u00facich dn\u00ed, \u010d\u00edm si m\u00f4\u017eete vytvori\u0165 \u013eubovo\u013ene dlh\u00fa p\u00fa\u0165 pod\u013ea va\u0161ej chuti!<\/p>\n<p>Pr\u00edklad: Ak sa chcete prida\u0165 na p\u00fa\u0165 na 2 dni, vlo\u017ete tieto dva dni do ko\u0161\u00edka. V posledn\u00fd de\u0148 si m\u00f4\u017eete, no aj nemus\u00edte zarezervova\u0165 ubytovanie (ak pl\u00e1nujete od\u00eds\u0165 nasp\u00e4\u0165 domov po spolo\u010dne preputovanom dni).<\/p>\n<p>V pr\u00edpade rezerv\u00e1cie pre viac ako jednu osobu sa pros\u00edm uistite, \u017ee vlo\u017e\u00edte do ko\u0161\u00edka pr\u00edslu\u0161n\u00fd po\u010det objedn\u00e1vok na jednotliv\u00e9 dni.<\/p>\n<p>Cena zah\u0155\u0148a:<\/p>\n<ul>\n<li>Miesto na spolo\u010dnom putovan\u00ed na dan\u00fd d\u00e1tum pre jednu osobu<\/li>\n<li>Sprievodcu z n\u00e1\u0161ho zdru\u017eenia, ktor\u00fd cel\u00fa skupinu prevedie danou etapou<\/li>\n<li>Organiza\u010dn\u00e9 n\u00e1klady spojen\u00e9 so zabezpe\u010den\u00edm ubytovania<\/li>\n<li>Sprievodn\u00fd program na dan\u00fd de\u0148 (l\u00ed\u0161i sa na ka\u017ed\u00fd de\u0148, zmena programu je vyhraden\u00e1 pod\u013ea dostupn\u00fdch mo\u017enost\u00ed)<\/li>\n<li>(VOLITE\u013dN\u00c9) Ubytovanie pre 1 osobu \/ noc z dan\u00e9ho d\u0148a na nasleduj\u00faci de\u0148<\/li>\n<li>(VOLITE\u013dN\u00c9) Spolo\u010dn\u00e1 ve\u010dera pre 1 osobu v dan\u00fd de\u0148<\/li>\n<li>(VOLITE\u013dN\u00c9) Spolo\u010dn\u00e9 ra\u0148ajky pre 1 osobu na nasleduj\u00face r\u00e1no<\/li>\n<\/ul>\n<p>Po\u010det miest je obmedzen\u00fd. Ak niektor\u00e1 z volite\u013en\u00fdch mo\u017enost\u00ed nie je na v\u00fdber, znamen\u00e1 to, \u017ee je bu\u010f vypredan\u00e1 alebo na dan\u00fd de\u0148 nie je k dispoz\u00edcii.<\/p>\n<p>\u00da\u010das\u0165 je podmienen\u00e1 dodr\u017eiavan\u00edm <a href=\"https:\/\/www.caminodesantiago.sk\/pravidla-ucasti-na-skupinovej-puti-2024\/\" target=\"_blank\" rel=\"noopener\">Pravidiel \u00fa\u010dasti na skupinovej p\u00fati 2024<\/a> a zaplaten\u00edm poplatku za putovanie. Odhadn\u00fa\u0165 Va\u0161u kond\u00edciu V\u00e1m pom\u00f4\u017ee <a href=\"https:\/\/forms.gle\/4caHdVWBsoW6b5oY6\" target=\"_blank\" rel=\"noopener\">tento formul\u00e1r<\/a>. V pr\u00edpade ich nedodr\u017eania si vyhradzujeme pr\u00e1vo zur\u0161i\u0165 Va\u0161u \u00fa\u010das\u0165 bez n\u00e1roku na vr\u00e1tenie poplatku za putovanie.<\/p>\n","protected":false},"excerpt":{"rendered":"<p>Miesto stretnutia: FairSleep Motel Hainburg<\/p>\n<p>\u010cas odchodu: 08:00<\/p>\n<p>De\u0148 kon\u010d\u00edme v: FairSleep Motel Hainburg<\/p>\n","protected":false},"featured_media":4922,"comment_status":"closed","ping_status":"closed","template":"","meta":{"_acf_changed":false},"product_brand":[],"product_cat":[197],"product_tag":[],"class_list":{"0":"post-6310","1":"product","2":"type-product","3":"status-publish","4":"has-post-thumbnail","6":"product_cat-pridajte-sa-k-nam-na-skupinovu-put-2024-de","8":"first","9":"outofstock","10":"shipping-taxable","11":"purchasable","12":"product-type-variable"},"acf":[],"jetpack_sharing_enabled":true,"_links":{"self":[{"href":"https:\/\/www.caminodesantiago.sk\/de\/wp-json\/wp\/v2\/product\/6310","targetHints":{"allow":["GET"]}}],"collection":[{"href":"https:\/\/www.caminodesantiago.sk\/de\/wp-json\/wp\/v2\/product"}],"about":[{"href":"https:\/\/www.caminodesantiago.sk\/de\/wp-json\/wp\/v2\/types\/product"}],"replies":[{"embeddable":true,"href":"https:\/\/www.caminodesantiago.sk\/de\/wp-json\/wp\/v2\/comments?post=6310"}],"wp:featuredmedia":[{"embeddable":true,"href":"https:\/\/www.caminodesantiago.sk\/de\/wp-json\/wp\/v2\/media\/4922"}],"wp:attachment":[{"href":"https:\/\/www.caminodesantiago.sk\/de\/wp-json\/wp\/v2\/media?parent=6310"}],"wp:term":[{"taxonomy":"product_brand","embeddable":true,"href":"https:\/\/www.caminodesantiago.sk\/de\/wp-json\/wp\/v2\/product_brand?post=6310"},{"taxonomy":"product_cat","embeddable":true,"href":"https:\/\/www.caminodesantiago.sk\/de\/wp-json\/wp\/v2\/product_cat?post=6310"},{"taxonomy":"product_tag","embeddable":true,"href":"https:\/\/www.caminodesantiago.sk\/de\/wp-json\/wp\/v2\/product_tag?post=6310"}],"curies":[{"name":"wp","href":"https:\/\/api.w.org\/{rel}","templated":true}]}}