{"id":2799,"date":"2023-03-13T13:21:49","date_gmt":"2023-03-13T12:21:49","guid":{"rendered":"https:\/\/www.caminodesantiago.sk\/shop\/my-account\/"},"modified":"2024-05-08T17:09:18","modified_gmt":"2024-05-08T15:09:18","slug":"my-account","status":"publish","type":"page","link":"https:\/\/www.caminodesantiago.sk\/en\/shop\/my-account\/","title":{"rendered":"My account"},"content":{"rendered":"\t\t<div data-elementor-type=\"wp-page\" data-elementor-id=\"2799\" class=\"elementor elementor-2799 elementor-2475\">\n\t\t\t\t\t\t<section class=\"elementor-section elementor-top-section elementor-element elementor-element-4c68a3d9 elementor-section-boxed elementor-section-height-default elementor-section-height-default\" data-id=\"4c68a3d9\" data-element_type=\"section\">\n\t\t\t\t\t\t<div class=\"elementor-container elementor-column-gap-default\">\n\t\t\t\t\t<div class=\"elementor-column elementor-col-100 elementor-top-column elementor-element elementor-element-4811b2ef\" data-id=\"4811b2ef\" data-element_type=\"column\">\n\t\t\t<div class=\"elementor-widget-wrap elementor-element-populated\">\n\t\t\t\t\t\t<div class=\"elementor-element elementor-element-cba5e6c e-my-account-tabs-vertical elementor-widget elementor-widget-woocommerce-my-account\" data-id=\"cba5e6c\" data-element_type=\"widget\" data-widget_type=\"woocommerce-my-account.default\">\n\t\t\t\t<div class=\"elementor-widget-container\">\n\t\t\t\t\t<div class=\"e-my-account-tab e-my-account-tab__ \">\t\t\t<span class=\"elementor-hidden\">[woocommerce_my_account]<\/span>\n\t\t\t<div class=\"woocommerce\"><\/div>\t\t<\/div>\n\t\t\t\t\t\t<\/div>\n\t\t\t\t<\/div>\n\t\t\t\t\t<\/div>\n\t\t<\/div>\n\t\t\t\t\t<\/div>\n\t\t<\/section>\n\t\t\t\t<\/div>\n\t\t","protected":false},"excerpt":{"rendered":"<p>Overview Orders Downloads Address settings Sp\u00f4soby platby Account settings Logout Dobr\u00fd de\u0148 Matej (nie ste Matej? Odhl\u00e1si\u0165) Na n\u00e1stenke svojho \u00fa\u010dtu si m\u00f4\u017eete prezrie\u0165 svoje ned\u00e1vne objedn\u00e1vky, upravi\u0165 faktura\u010dn\u00e9 a doru\u010dovacie adresy a zmeni\u0165 svoje heslo a osobn\u00e9 inform\u00e1cie.<\/p>\n","protected":false},"author":1,"featured_media":0,"parent":2566,"menu_order":0,"comment_status":"closed","ping_status":"closed","template":"","meta":{"_acf_changed":false,"footnotes":""},"categories":[],"class_list":["post-2799","page","type-page","status-publish","hentry"],"acf":[],"jetpack_sharing_enabled":true,"_links":{"self":[{"href":"https:\/\/www.caminodesantiago.sk\/en\/wp-json\/wp\/v2\/pages\/2799","targetHints":{"allow":["GET"]}}],"collection":[{"href":"https:\/\/www.caminodesantiago.sk\/en\/wp-json\/wp\/v2\/pages"}],"about":[{"href":"https:\/\/www.caminodesantiago.sk\/en\/wp-json\/wp\/v2\/types\/page"}],"author":[{"embeddable":true,"href":"https:\/\/www.caminodesantiago.sk\/en\/wp-json\/wp\/v2\/users\/1"}],"replies":[{"embeddable":true,"href":"https:\/\/www.caminodesantiago.sk\/en\/wp-json\/wp\/v2\/comments?post=2799"}],"version-history":[{"count":5,"href":"https:\/\/www.caminodesantiago.sk\/en\/wp-json\/wp\/v2\/pages\/2799\/revisions"}],"predecessor-version":[{"id":4976,"href":"https:\/\/www.caminodesantiago.sk\/en\/wp-json\/wp\/v2\/pages\/2799\/revisions\/4976"}],"up":[{"embeddable":true,"href":"https:\/\/www.caminodesantiago.sk\/en\/wp-json\/wp\/v2\/pages\/2566"}],"wp:attachment":[{"href":"https:\/\/www.caminodesantiago.sk\/en\/wp-json\/wp\/v2\/media?parent=2799"}],"wp:term":[{"taxonomy":"category","embeddable":true,"href":"https:\/\/www.caminodesantiago.sk\/en\/wp-json\/wp\/v2\/categories?post=2799"}],"curies":[{"name":"wp","href":"https:\/\/api.w.org\/{rel}","templated":true}]}}