{"id":2692,"date":"2022-02-17T14:50:06","date_gmt":"2022-02-17T13:50:06","guid":{"rendered":"https:\/\/www.caminodesantiago.sk\/que-tramo-debo-hacer\/"},"modified":"2023-03-17T13:13:06","modified_gmt":"2023-03-17T12:13:06","slug":"que-tramo-debo-hacer","status":"publish","type":"page","link":"https:\/\/www.caminodesantiago.sk\/es\/sobre-el-viaje\/que-tramo-debo-hacer\/","title":{"rendered":"Qu\u00e9 tramo debo hacer?"},"content":{"rendered":"\t\t<div data-elementor-type=\"wp-page\" data-elementor-id=\"2692\" class=\"elementor elementor-2692 elementor-1242\">\n\t\t\t\t\t\t<section class=\"elementor-section elementor-top-section elementor-element elementor-element-30292b6 elementor-section-boxed elementor-section-height-default elementor-section-height-default\" data-id=\"30292b6\" data-element_type=\"section\">\n\t\t\t\t\t\t<div class=\"elementor-container elementor-column-gap-default\">\n\t\t\t\t\t<div class=\"elementor-column elementor-col-100 elementor-top-column elementor-element elementor-element-63fa484\" data-id=\"63fa484\" data-element_type=\"column\">\n\t\t\t<div class=\"elementor-widget-wrap elementor-element-populated\">\n\t\t\t\t\t\t<div class=\"elementor-element elementor-element-7545705 elementor-widget elementor-widget-text-editor\" data-id=\"7545705\" data-element_type=\"widget\" data-widget_type=\"text-editor.default\">\n\t\t\t\t<div class=\"elementor-widget-container\">\n\t\t\t\t\t\t\t\t\t<p>En Eslovaquia estamos terminando de marcar debidamente la primara ruta. Esta comienza en Ko\u0161ice y pasa por Levo\u010da, Ke\u017emarok, Poprad, Bansk\u00e1 Bystrica, Zvolen, Nitra y Trnava antes de llegar a Bratislava. Aqu\u00ed se une al camino h\u00fangaro que viene desde Budapest y continua al Jakobsweg austriaco.<\/p>\n<p>Puedes hacer toda la ruta de una vez (650 km \u2013 30 d\u00edas aprox.) o solo una parte, caminando varios d\u00edas. Al momento de elegir un tramo concreto piensa en el grado de dificultad del terreno, la distancia, e incluso las posibles actividades religiosas y culturales en las que tendr\u00e1s oportunidad de participar a lo largo del camino.<\/p>\n\t\t\t\t\t\t\t\t<\/div>\n\t\t\t\t<\/div>\n\t\t\t\t\t<\/div>\n\t\t<\/div>\n\t\t\t\t\t<\/div>\n\t\t<\/section>\n\t\t\t\t<section class=\"elementor-section elementor-inner-section elementor-element elementor-element-a528493 elementor-section-boxed elementor-section-height-default elementor-section-height-default\" data-id=\"a528493\" data-element_type=\"section\">\n\t\t\t\t\t\t<div class=\"elementor-container elementor-column-gap-default\">\n\t\t\t\t\t<div class=\"elementor-column elementor-col-33 elementor-inner-column elementor-element elementor-element-a6cf218\" data-id=\"a6cf218\" data-element_type=\"column\">\n\t\t\t<div class=\"elementor-widget-wrap elementor-element-populated\">\n\t\t\t\t\t\t<div class=\"elementor-element elementor-element-e52443c elementor-widget elementor-widget-image\" data-id=\"e52443c\" data-element_type=\"widget\" data-widget_type=\"image.default\">\n\t\t\t\t<div class=\"elementor-widget-container\">\n\t\t\t\t\t\t\t\t\t\t\t\t\t\t\t<img fetchpriority=\"high\" decoding=\"async\" width=\"768\" height=\"512\" src=\"https:\/\/www.caminodesantiago.sk\/wp-content\/uploads\/kalvaria-banksa-stiavnica-768x512.jpg\" class=\"attachment-medium_large size-medium_large wp-image-1075\" alt=\"\" srcset=\"https:\/\/www.caminodesantiago.sk\/wp-content\/uploads\/kalvaria-banksa-stiavnica-768x512.jpg 768w, https:\/\/www.caminodesantiago.sk\/wp-content\/uploads\/kalvaria-banksa-stiavnica-600x400.jpg 600w, https:\/\/www.caminodesantiago.sk\/wp-content\/uploads\/kalvaria-banksa-stiavnica-650x433.jpg 650w, https:\/\/www.caminodesantiago.sk\/wp-content\/uploads\/kalvaria-banksa-stiavnica.jpg 1024w\" sizes=\"(max-width: 768px) 100vw, 768px\" \/>\t\t\t\t\t\t\t\t\t\t\t\t\t\t\t<\/div>\n\t\t\t\t<\/div>\n\t\t\t\t\t<\/div>\n\t\t<\/div>\n\t\t\t\t<div class=\"elementor-column elementor-col-66 elementor-inner-column elementor-element elementor-element-f6e1757\" data-id=\"f6e1757\" data-element_type=\"column\">\n\t\t\t<div class=\"elementor-widget-wrap elementor-element-populated\">\n\t\t\t\t\t\t<div class=\"elementor-element elementor-element-a8fe73d elementor-widget elementor-widget-text-editor\" data-id=\"a8fe73d\" data-element_type=\"widget\" data-widget_type=\"text-editor.default\">\n\t\t\t\t<div class=\"elementor-widget-container\">\n\t\t\t\t\t\t\t\t\t<p><strong>Consejo:<\/strong>\u00a0Dado que la ruta pasa por numerosos santuarios y lugares de culto, es buena idea planear tu itinerario para que te permita visitarlos en fiestas religiosas o en domingo.<\/p>\n\t\t\t\t\t\t\t\t<\/div>\n\t\t\t\t<\/div>\n\t\t\t\t\t<\/div>\n\t\t<\/div>\n\t\t\t\t\t<\/div>\n\t\t<\/section>\n\t\t\t\t<\/div>\n\t\t","protected":false},"excerpt":{"rendered":"<p>En Eslovaquia estamos terminando de marcar debidamente la primara ruta. Esta comienza en Ko\u0161ice y pasa por Levo\u010da, Ke\u017emarok, Poprad, Bansk\u00e1 Bystrica, Zvolen, Nitra y Trnava antes de llegar a Bratislava. Aqu\u00ed se une al camino h\u00fangaro que viene desde Budapest y continua al Jakobsweg austriaco. Puedes hacer toda la ruta de una vez (650 [&hellip;]<\/p>\n","protected":false},"author":1,"featured_media":972,"parent":2718,"menu_order":0,"comment_status":"closed","ping_status":"closed","template":"","meta":{"_acf_changed":false,"footnotes":""},"categories":[138,139],"class_list":["post-2692","page","type-page","status-publish","has-post-thumbnail","hentry","category-empieza-aqui","category-preparacion-para-el-viaje"],"acf":[],"jetpack_sharing_enabled":true,"_links":{"self":[{"href":"https:\/\/www.caminodesantiago.sk\/es\/wp-json\/wp\/v2\/pages\/2692","targetHints":{"allow":["GET"]}}],"collection":[{"href":"https:\/\/www.caminodesantiago.sk\/es\/wp-json\/wp\/v2\/pages"}],"about":[{"href":"https:\/\/www.caminodesantiago.sk\/es\/wp-json\/wp\/v2\/types\/page"}],"author":[{"embeddable":true,"href":"https:\/\/www.caminodesantiago.sk\/es\/wp-json\/wp\/v2\/users\/1"}],"replies":[{"embeddable":true,"href":"https:\/\/www.caminodesantiago.sk\/es\/wp-json\/wp\/v2\/comments?post=2692"}],"version-history":[{"count":5,"href":"https:\/\/www.caminodesantiago.sk\/es\/wp-json\/wp\/v2\/pages\/2692\/revisions"}],"predecessor-version":[{"id":2752,"href":"https:\/\/www.caminodesantiago.sk\/es\/wp-json\/wp\/v2\/pages\/2692\/revisions\/2752"}],"up":[{"embeddable":true,"href":"https:\/\/www.caminodesantiago.sk\/es\/wp-json\/wp\/v2\/pages\/2718"}],"wp:featuredmedia":[{"embeddable":true,"href":"https:\/\/www.caminodesantiago.sk\/es\/wp-json\/wp\/v2\/media\/972"}],"wp:attachment":[{"href":"https:\/\/www.caminodesantiago.sk\/es\/wp-json\/wp\/v2\/media?parent=2692"}],"wp:term":[{"taxonomy":"category","embeddable":true,"href":"https:\/\/www.caminodesantiago.sk\/es\/wp-json\/wp\/v2\/categories?post=2692"}],"curies":[{"name":"wp","href":"https:\/\/api.w.org\/{rel}","templated":true}]}}