{"id":2694,"date":"2022-02-17T13:43:53","date_gmt":"2022-02-17T12:43:53","guid":{"rendered":"https:\/\/www.caminodesantiago.sk\/puedo-dormir-al-aire-libre\/"},"modified":"2023-03-17T13:13:07","modified_gmt":"2023-03-17T12:13:07","slug":"puedo-dormir-al-aire-libre","status":"publish","type":"page","link":"https:\/\/www.caminodesantiago.sk\/es\/sobre-el-viaje\/puedo-dormir-al-aire-libre\/","title":{"rendered":"Puedo dormir al aire libre?"},"content":{"rendered":"\t\t<div data-elementor-type=\"wp-page\" data-elementor-id=\"2694\" class=\"elementor elementor-2694 elementor-1208\">\n\t\t\t\t\t\t<section class=\"elementor-section elementor-top-section elementor-element elementor-element-92e528d elementor-section-boxed elementor-section-height-default elementor-section-height-default\" data-id=\"92e528d\" data-element_type=\"section\">\n\t\t\t\t\t\t<div class=\"elementor-container elementor-column-gap-default\">\n\t\t\t\t\t<div class=\"elementor-column elementor-col-100 elementor-top-column elementor-element elementor-element-fa87722\" data-id=\"fa87722\" data-element_type=\"column\">\n\t\t\t<div class=\"elementor-widget-wrap elementor-element-populated\">\n\t\t\t\t\t\t<div class=\"elementor-element elementor-element-7850c06 elementor-widget elementor-widget-text-editor\" data-id=\"7850c06\" data-element_type=\"widget\" data-widget_type=\"text-editor.default\">\n\t\t\t\t<div class=\"elementor-widget-container\">\n\t\t\t\t\t\t\t\t\t<p>Ni la m\u00e1s meticulosa planificaci\u00f3n, especialmente en caso de etapas m\u00e1s largas, te garantiza que no va a pasar nada inesperado. Siempre existe la posibilidad de que te quedes solo, sin una cama donde dormir y sin un techo sobre tu cabeza.<\/p>\n<p>Por eso no est\u00e1 de m\u00e1s empacar un saco de dormir y una colchoneta. Estos podr\u00edan ser tu \u00faltimo recurso para pasar una noche relativamente c\u00f3moda.<\/p>\n<p>Por el camino encontrar\u00e1s diferentes tipos de refugios, por ejemplo un edificio en construcci\u00f3n en las afueras de alg\u00fan pueblo puede ser una buena opci\u00f3n para pasar la noche. Muchas veces es suficiente pedir permiso y dormir en el jard\u00edn de alguien, en un altillo o terraza. Pocos rechazar\u00e1n a un peregrino. Algunas caba\u00f1as y hostales te permitir\u00e1n dormir all\u00ed si tienes tu propio saco de dormir.<\/p>\n<p>Las posibilidades de pasar la noche al aire libre son m\u00e1s limitadas. Las leyes eslovacas son claras al respecto y deben cumplirse.<\/p>\n<p>Eslovaquia est\u00e1 dividida en 5 extensas zonas con diferentes niveles de protecci\u00f3n ambiental. De estas, \u00fanicamente en las\u00a0<strong>zonas con nivel de protecci\u00f3n 1 y 2 se permite transitar y acampar libremente<\/strong>. En \u00e1reas con un mayor nivel de\u00a0<strong>protecci\u00f3n ambiental<\/strong>\u00a0(como parques nacionales, reservas naturales, monumentos naturales, etc.)\u00a0<strong>est\u00e1 estrictamente prohibido pernoctar al aire libre<\/strong>. Sin embargo, en algunos parques nacionales est\u00e1 permitido acampar en lugares espec\u00edficamente reservados para este fin, siempre y cuando respeten las reglas de visita del respectivo parque. Adem\u00e1s, solo es posible transitar por ellos desde el amanecer hasta el anochecer y \u00fanicamente siguiendo senderos marcados.<\/p>\n\t\t\t\t\t\t\t\t<\/div>\n\t\t\t\t<\/div>\n\t\t\t\t<section class=\"elementor-section elementor-inner-section elementor-element elementor-element-098af4c elementor-section-boxed elementor-section-height-default elementor-section-height-default\" data-id=\"098af4c\" data-element_type=\"section\" data-settings=\"{&quot;background_background&quot;:&quot;classic&quot;}\">\n\t\t\t\t\t\t<div class=\"elementor-container elementor-column-gap-default\">\n\t\t\t\t\t<div class=\"elementor-column elementor-col-33 elementor-inner-column elementor-element elementor-element-a3deba1\" data-id=\"a3deba1\" data-element_type=\"column\">\n\t\t\t<div class=\"elementor-widget-wrap elementor-element-populated\">\n\t\t\t\t\t\t<div class=\"elementor-element elementor-element-39e2afc elementor-view-default elementor-widget elementor-widget-icon\" data-id=\"39e2afc\" data-element_type=\"widget\" data-widget_type=\"icon.default\">\n\t\t\t\t<div class=\"elementor-widget-container\">\n\t\t\t\t\t\t\t<div class=\"elementor-icon-wrapper\">\n\t\t\t<div class=\"elementor-icon\">\n\t\t\t<i aria-hidden=\"true\" class=\"fas fa-tree\"><\/i>\t\t\t<\/div>\n\t\t<\/div>\n\t\t\t\t\t\t<\/div>\n\t\t\t\t<\/div>\n\t\t\t\t\t<\/div>\n\t\t<\/div>\n\t\t\t\t<div class=\"elementor-column elementor-col-66 elementor-inner-column elementor-element elementor-element-6a48df8\" data-id=\"6a48df8\" data-element_type=\"column\">\n\t\t\t<div class=\"elementor-widget-wrap elementor-element-populated\">\n\t\t\t\t\t\t<div class=\"elementor-element elementor-element-9daa66d elementor-widget elementor-widget-text-editor\" data-id=\"9daa66d\" data-element_type=\"widget\" data-widget_type=\"text-editor.default\">\n\t\t\t\t<div class=\"elementor-widget-container\">\n\t\t\t\t\t\t\t\t\t<p><strong>Rogamos a los peregrinos que se familiaricen siempre con las reglas v\u00e1lidas en el \u00e1rea en que planean pernoctar al aire libre, que las respeten, y as\u00ed contribuyan a proteger nuestro hermoso pa\u00eds.<\/strong><\/p>\n\t\t\t\t\t\t\t\t<\/div>\n\t\t\t\t<\/div>\n\t\t\t\t\t<\/div>\n\t\t<\/div>\n\t\t\t\t\t<\/div>\n\t\t<\/section>\n\t\t\t\t\t<\/div>\n\t\t<\/div>\n\t\t\t\t\t<\/div>\n\t\t<\/section>\n\t\t\t\t<section class=\"elementor-section elementor-inner-section elementor-element elementor-element-cd2df1b elementor-section-boxed elementor-section-height-default elementor-section-height-default\" data-id=\"cd2df1b\" data-element_type=\"section\">\n\t\t\t\t\t\t<div class=\"elementor-container elementor-column-gap-default\">\n\t\t\t\t\t<div class=\"elementor-column elementor-col-50 elementor-inner-column elementor-element elementor-element-8d833b9\" data-id=\"8d833b9\" data-element_type=\"column\">\n\t\t\t<div class=\"elementor-widget-wrap elementor-element-populated\">\n\t\t\t\t\t\t<div class=\"elementor-element elementor-element-2e030ed elementor-widget elementor-widget-image\" data-id=\"2e030ed\" data-element_type=\"widget\" data-widget_type=\"image.default\">\n\t\t\t\t<div class=\"elementor-widget-container\">\n\t\t\t\t\t\t\t\t\t\t\t\t\t\t\t<img fetchpriority=\"high\" decoding=\"async\" width=\"768\" height=\"512\" src=\"https:\/\/www.caminodesantiago.sk\/wp-content\/uploads\/znacenie-na-zastavke-autobusu-768x512.jpg\" class=\"attachment-medium_large size-medium_large wp-image-969\" alt=\"\" srcset=\"https:\/\/www.caminodesantiago.sk\/wp-content\/uploads\/znacenie-na-zastavke-autobusu-768x512.jpg 768w, https:\/\/www.caminodesantiago.sk\/wp-content\/uploads\/znacenie-na-zastavke-autobusu-600x400.jpg 600w, https:\/\/www.caminodesantiago.sk\/wp-content\/uploads\/znacenie-na-zastavke-autobusu-650x433.jpg 650w, https:\/\/www.caminodesantiago.sk\/wp-content\/uploads\/znacenie-na-zastavke-autobusu-1536x1024.jpg 1536w, https:\/\/www.caminodesantiago.sk\/wp-content\/uploads\/znacenie-na-zastavke-autobusu.jpg 1920w\" sizes=\"(max-width: 768px) 100vw, 768px\" \/>\t\t\t\t\t\t\t\t\t\t\t\t\t\t\t<\/div>\n\t\t\t\t<\/div>\n\t\t\t\t\t<\/div>\n\t\t<\/div>\n\t\t\t\t<div class=\"elementor-column elementor-col-50 elementor-inner-column elementor-element elementor-element-850a92c\" data-id=\"850a92c\" data-element_type=\"column\">\n\t\t\t<div class=\"elementor-widget-wrap elementor-element-populated\">\n\t\t\t\t\t\t<div class=\"elementor-element elementor-element-ca4348d elementor-widget elementor-widget-text-editor\" data-id=\"ca4348d\" data-element_type=\"widget\" data-widget_type=\"text-editor.default\">\n\t\t\t\t<div class=\"elementor-widget-container\">\n\t\t\t\t\t\t\t\t\t<p><strong>Consejo:<\/strong>\u00a0Reservando tu alojamiento con antelaci\u00f3n te evitas todas estas preocupaciones.<\/p>\n\t\t\t\t\t\t\t\t<\/div>\n\t\t\t\t<\/div>\n\t\t\t\t\t<\/div>\n\t\t<\/div>\n\t\t\t\t\t<\/div>\n\t\t<\/section>\n\t\t\t\t<\/div>\n\t\t","protected":false},"excerpt":{"rendered":"<p>Ni la m\u00e1s meticulosa planificaci\u00f3n, especialmente en caso de etapas m\u00e1s largas, te garantiza que no va a pasar nada inesperado. Siempre existe la posibilidad de que te quedes solo, sin una cama donde dormir y sin un techo sobre tu cabeza. Por eso no est\u00e1 de m\u00e1s empacar un saco de dormir y una [&hellip;]<\/p>\n","protected":false},"author":1,"featured_media":969,"parent":2718,"menu_order":0,"comment_status":"closed","ping_status":"closed","template":"","meta":{"_acf_changed":false,"footnotes":""},"categories":[137],"class_list":["post-2694","page","type-page","status-publish","has-post-thumbnail","hentry","category-informacion-practica-sobre-la-carretera"],"acf":[],"jetpack_sharing_enabled":true,"_links":{"self":[{"href":"https:\/\/www.caminodesantiago.sk\/es\/wp-json\/wp\/v2\/pages\/2694","targetHints":{"allow":["GET"]}}],"collection":[{"href":"https:\/\/www.caminodesantiago.sk\/es\/wp-json\/wp\/v2\/pages"}],"about":[{"href":"https:\/\/www.caminodesantiago.sk\/es\/wp-json\/wp\/v2\/types\/page"}],"author":[{"embeddable":true,"href":"https:\/\/www.caminodesantiago.sk\/es\/wp-json\/wp\/v2\/users\/1"}],"replies":[{"embeddable":true,"href":"https:\/\/www.caminodesantiago.sk\/es\/wp-json\/wp\/v2\/comments?post=2694"}],"version-history":[{"count":3,"href":"https:\/\/www.caminodesantiago.sk\/es\/wp-json\/wp\/v2\/pages\/2694\/revisions"}],"predecessor-version":[{"id":2761,"href":"https:\/\/www.caminodesantiago.sk\/es\/wp-json\/wp\/v2\/pages\/2694\/revisions\/2761"}],"up":[{"embeddable":true,"href":"https:\/\/www.caminodesantiago.sk\/es\/wp-json\/wp\/v2\/pages\/2718"}],"wp:featuredmedia":[{"embeddable":true,"href":"https:\/\/www.caminodesantiago.sk\/es\/wp-json\/wp\/v2\/media\/969"}],"wp:attachment":[{"href":"https:\/\/www.caminodesantiago.sk\/es\/wp-json\/wp\/v2\/media?parent=2694"}],"wp:term":[{"taxonomy":"category","embeddable":true,"href":"https:\/\/www.caminodesantiago.sk\/es\/wp-json\/wp\/v2\/categories?post=2694"}],"curies":[{"name":"wp","href":"https:\/\/api.w.org\/{rel}","templated":true}]}}