{"id":2696,"date":"2022-02-17T13:38:19","date_gmt":"2022-02-17T12:38:19","guid":{"rendered":"https:\/\/www.caminodesantiago.sk\/como-me-puedo-orientar\/"},"modified":"2023-03-17T13:13:08","modified_gmt":"2023-03-17T12:13:08","slug":"como-me-puedo-orientar","status":"publish","type":"page","link":"https:\/\/www.caminodesantiago.sk\/es\/sobre-el-viaje\/como-me-puedo-orientar\/","title":{"rendered":"C\u00f3mo me puedo orientar?"},"content":{"rendered":"\t\t<div data-elementor-type=\"wp-page\" data-elementor-id=\"2696\" class=\"elementor elementor-2696 elementor-1202\">\n\t\t\t\t\t\t<section class=\"elementor-section elementor-top-section elementor-element elementor-element-4398169 elementor-section-boxed elementor-section-height-default elementor-section-height-default\" data-id=\"4398169\" data-element_type=\"section\">\n\t\t\t\t\t\t<div class=\"elementor-container elementor-column-gap-default\">\n\t\t\t\t\t<div class=\"elementor-column elementor-col-100 elementor-top-column elementor-element elementor-element-7e07b2c\" data-id=\"7e07b2c\" data-element_type=\"column\">\n\t\t\t<div class=\"elementor-widget-wrap elementor-element-populated\">\n\t\t\t\t\t\t<div class=\"elementor-element elementor-element-142d096 elementor-widget elementor-widget-text-editor\" data-id=\"142d096\" data-element_type=\"widget\" data-widget_type=\"text-editor.default\">\n\t\t\t\t<div class=\"elementor-widget-container\">\n\t\t\t\t\t\t\t\t\t<p>La mayor parte del Camino de Santiago en Eslovaquia sigue rutas oficiales de excursionismo y ciclismo, pero tambi\u00e9n encontrar\u00e1s tramos donde la ruta pasa por lugares sin este tipo de senderos. Por lo tanto, a pesar de estar relativamente bien marcado, te recomendamos usar un\u00a0<strong>mapa, gu\u00eda o navegaci\u00f3n digital en tu tel\u00e9fono<\/strong>.<\/p>\n\t\t\t\t\t\t\t\t<\/div>\n\t\t\t\t<\/div>\n\t\t\t\t\t<\/div>\n\t\t<\/div>\n\t\t\t\t\t<\/div>\n\t\t<\/section>\n\t\t\t\t<section class=\"elementor-section elementor-top-section elementor-element elementor-element-23cc7ae elementor-section-boxed elementor-section-height-default elementor-section-height-default\" data-id=\"23cc7ae\" data-element_type=\"section\">\n\t\t\t\t\t\t<div class=\"elementor-container elementor-column-gap-default\">\n\t\t\t\t\t<div class=\"elementor-column elementor-col-100 elementor-top-column elementor-element elementor-element-368398a\" data-id=\"368398a\" data-element_type=\"column\">\n\t\t\t<div class=\"elementor-widget-wrap elementor-element-populated\">\n\t\t\t\t\t\t<div class=\"elementor-element elementor-element-1aedaa1 elementor-widget elementor-widget-heading\" data-id=\"1aedaa1\" data-element_type=\"widget\" data-widget_type=\"heading.default\">\n\t\t\t\t<div class=\"elementor-widget-container\">\n\t\t\t\t\t<h2 class=\"elementor-heading-title elementor-size-xl\">C\u00f3mo me puedo orientar?<\/h2>\t\t\t\t<\/div>\n\t\t\t\t<\/div>\n\t\t\t\t<section class=\"elementor-section elementor-inner-section elementor-element elementor-element-f2b1651 elementor-section-boxed elementor-section-height-default elementor-section-height-default\" data-id=\"f2b1651\" data-element_type=\"section\">\n\t\t\t\t\t\t<div class=\"elementor-container elementor-column-gap-default\">\n\t\t\t\t\t<div class=\"elementor-column elementor-col-50 elementor-inner-column elementor-element elementor-element-feae2bf\" data-id=\"feae2bf\" data-element_type=\"column\">\n\t\t\t<div class=\"elementor-widget-wrap elementor-element-populated\">\n\t\t\t\t\t\t<div class=\"elementor-element elementor-element-36f21ee elementor-widget elementor-widget-image\" data-id=\"36f21ee\" data-element_type=\"widget\" data-widget_type=\"image.default\">\n\t\t\t\t<div class=\"elementor-widget-container\">\n\t\t\t\t\t\t\t\t\t\t\t\t\t\t\t<img fetchpriority=\"high\" decoding=\"async\" width=\"768\" height=\"512\" src=\"https:\/\/www.caminodesantiago.sk\/wp-content\/uploads\/bedekre-na-drevenom-stole-768x512.jpg\" class=\"attachment-medium_large size-medium_large wp-image-1077\" alt=\"\" srcset=\"https:\/\/www.caminodesantiago.sk\/wp-content\/uploads\/bedekre-na-drevenom-stole-768x512.jpg 768w, https:\/\/www.caminodesantiago.sk\/wp-content\/uploads\/bedekre-na-drevenom-stole-600x400.jpg 600w, https:\/\/www.caminodesantiago.sk\/wp-content\/uploads\/bedekre-na-drevenom-stole-650x434.jpg 650w, https:\/\/www.caminodesantiago.sk\/wp-content\/uploads\/bedekre-na-drevenom-stole.jpg 1024w\" sizes=\"(max-width: 768px) 100vw, 768px\" \/>\t\t\t\t\t\t\t\t\t\t\t\t\t\t\t<\/div>\n\t\t\t\t<\/div>\n\t\t\t\t<div class=\"elementor-element elementor-element-094e7d8 elementor-widget elementor-widget-heading\" data-id=\"094e7d8\" data-element_type=\"widget\" data-widget_type=\"heading.default\">\n\t\t\t\t<div class=\"elementor-widget-container\">\n\t\t\t\t\t<h3 class=\"elementor-heading-title elementor-size-large\">Gu\u00edas (libro)<\/h3>\t\t\t\t<\/div>\n\t\t\t\t<\/div>\n\t\t\t\t<div class=\"elementor-element elementor-element-438fb0f elementor-widget elementor-widget-text-editor\" data-id=\"438fb0f\" data-element_type=\"widget\" data-widget_type=\"text-editor.default\">\n\t\t\t\t<div class=\"elementor-widget-container\">\n\t\t\t\t\t\t\t\t\t<p>Nuestras gu\u00edas son una herramienta realmente \u00fatil y es bueno tenerlas siempre a mano. Adem\u00e1s de los respectivos mapas, tambi\u00e9n te ofrecen informaci\u00f3n necesaria como hospedajes, d\u00f3nde comer, descripci\u00f3n de la ruta, etc. Las gu\u00edas se pueden conseguir en esta p\u00e1gina (TIENDA), en las oficinas de informaci\u00f3n de las principales ciudades y en albergues de peregrinos.<\/p>\n\t\t\t\t\t\t\t\t<\/div>\n\t\t\t\t<\/div>\n\t\t\t\t<div class=\"elementor-element elementor-element-75e9fc7 elementor-widget elementor-widget-button\" data-id=\"75e9fc7\" data-element_type=\"widget\" data-widget_type=\"button.default\">\n\t\t\t\t<div class=\"elementor-widget-container\">\n\t\t\t\t\t\t\t\t\t<div class=\"elementor-button-wrapper\">\n\t\t\t\t\t<a class=\"elementor-button elementor-button-link elementor-size-sm\" href=\"#\">\n\t\t\t\t\t\t<span class=\"elementor-button-content-wrapper\">\n\t\t\t\t\t\t\t\t\t<span class=\"elementor-button-text\">Ir a la tienda<\/span>\n\t\t\t\t\t<\/span>\n\t\t\t\t\t<\/a>\n\t\t\t\t<\/div>\n\t\t\t\t\t\t\t\t<\/div>\n\t\t\t\t<\/div>\n\t\t\t\t\t<\/div>\n\t\t<\/div>\n\t\t\t\t<div class=\"elementor-column elementor-col-50 elementor-inner-column elementor-element elementor-element-c907662\" data-id=\"c907662\" data-element_type=\"column\">\n\t\t\t<div class=\"elementor-widget-wrap elementor-element-populated\">\n\t\t\t\t\t\t<div class=\"elementor-element elementor-element-47020ce elementor-widget elementor-widget-image\" data-id=\"47020ce\" data-element_type=\"widget\" data-widget_type=\"image.default\">\n\t\t\t\t<div class=\"elementor-widget-container\">\n\t\t\t\t\t\t\t\t\t\t\t\t\t\t\t<img decoding=\"async\" width=\"768\" height=\"512\" src=\"https:\/\/www.caminodesantiago.sk\/wp-content\/uploads\/navigacia-smartfonom-768x512.jpg\" class=\"attachment-medium_large size-medium_large wp-image-1079\" alt=\"\" srcset=\"https:\/\/www.caminodesantiago.sk\/wp-content\/uploads\/navigacia-smartfonom-768x512.jpg 768w, https:\/\/www.caminodesantiago.sk\/wp-content\/uploads\/navigacia-smartfonom-600x400.jpg 600w, https:\/\/www.caminodesantiago.sk\/wp-content\/uploads\/navigacia-smartfonom-650x434.jpg 650w, https:\/\/www.caminodesantiago.sk\/wp-content\/uploads\/navigacia-smartfonom.jpg 1024w\" sizes=\"(max-width: 768px) 100vw, 768px\" \/>\t\t\t\t\t\t\t\t\t\t\t\t\t\t\t<\/div>\n\t\t\t\t<\/div>\n\t\t\t\t<div class=\"elementor-element elementor-element-c562569 elementor-widget elementor-widget-heading\" data-id=\"c562569\" data-element_type=\"widget\" data-widget_type=\"heading.default\">\n\t\t\t\t<div class=\"elementor-widget-container\">\n\t\t\t\t\t<h3 class=\"elementor-heading-title elementor-size-large\">Navegaci\u00f3n en tu tel\u00e9fono<\/h3>\t\t\t\t<\/div>\n\t\t\t\t<\/div>\n\t\t\t\t<div class=\"elementor-element elementor-element-41f65d8 elementor-widget elementor-widget-text-editor\" data-id=\"41f65d8\" data-element_type=\"widget\" data-widget_type=\"text-editor.default\">\n\t\t\t\t<div class=\"elementor-widget-container\">\n\t\t\t\t\t\t\t\t\t<p>Las aplicaciones de navegaci\u00f3n digital en tu tel\u00e9fono son hoy en d\u00eda la forma m\u00e1s pr\u00e1ctica, precisa y popular para orientarse en el camino. Por esta raz\u00f3n, se describen por separado.<\/p>\n\t\t\t\t\t\t\t\t<\/div>\n\t\t\t\t<\/div>\n\t\t\t\t<div class=\"elementor-element elementor-element-53112da elementor-widget elementor-widget-button\" data-id=\"53112da\" data-element_type=\"widget\" data-widget_type=\"button.default\">\n\t\t\t\t<div class=\"elementor-widget-container\">\n\t\t\t\t\t\t\t\t\t<div class=\"elementor-button-wrapper\">\n\t\t\t\t\t<a class=\"elementor-button elementor-button-link elementor-size-sm\" href=\"#\">\n\t\t\t\t\t\t<span class=\"elementor-button-content-wrapper\">\n\t\t\t\t\t\t\t\t\t<span class=\"elementor-button-text\">Navegaci\u00f3n digital en tu tel\u00e9fono<\/span>\n\t\t\t\t\t<\/span>\n\t\t\t\t\t<\/a>\n\t\t\t\t<\/div>\n\t\t\t\t\t\t\t\t<\/div>\n\t\t\t\t<\/div>\n\t\t\t\t\t<\/div>\n\t\t<\/div>\n\t\t\t\t\t<\/div>\n\t\t<\/section>\n\t\t\t\t<section class=\"elementor-section elementor-inner-section elementor-element elementor-element-368c5a0 elementor-section-boxed elementor-section-height-default elementor-section-height-default\" data-id=\"368c5a0\" data-element_type=\"section\">\n\t\t\t\t\t\t<div class=\"elementor-container elementor-column-gap-default\">\n\t\t\t\t\t<div class=\"elementor-column elementor-col-50 elementor-inner-column elementor-element elementor-element-f149256\" data-id=\"f149256\" data-element_type=\"column\">\n\t\t\t<div class=\"elementor-widget-wrap elementor-element-populated\">\n\t\t\t\t\t\t<div class=\"elementor-element elementor-element-2086b9c elementor-widget elementor-widget-image\" data-id=\"2086b9c\" data-element_type=\"widget\" data-widget_type=\"image.default\">\n\t\t\t\t<div class=\"elementor-widget-container\">\n\t\t\t\t\t\t\t\t\t\t\t\t\t\t\t<img decoding=\"async\" width=\"768\" height=\"512\" src=\"https:\/\/www.caminodesantiago.sk\/wp-content\/uploads\/znacenie-trasy-obdlznik-1-768x512.jpg\" class=\"attachment-medium_large size-medium_large wp-image-1078\" alt=\"\" srcset=\"https:\/\/www.caminodesantiago.sk\/wp-content\/uploads\/znacenie-trasy-obdlznik-1-768x512.jpg 768w, https:\/\/www.caminodesantiago.sk\/wp-content\/uploads\/znacenie-trasy-obdlznik-1-600x400.jpg 600w, https:\/\/www.caminodesantiago.sk\/wp-content\/uploads\/znacenie-trasy-obdlznik-1-650x434.jpg 650w, https:\/\/www.caminodesantiago.sk\/wp-content\/uploads\/znacenie-trasy-obdlznik-1.jpg 1024w\" sizes=\"(max-width: 768px) 100vw, 768px\" \/>\t\t\t\t\t\t\t\t\t\t\t\t\t\t\t<\/div>\n\t\t\t\t<\/div>\n\t\t\t\t<div class=\"elementor-element elementor-element-27a0f5e elementor-widget elementor-widget-heading\" data-id=\"27a0f5e\" data-element_type=\"widget\" data-widget_type=\"heading.default\">\n\t\t\t\t<div class=\"elementor-widget-container\">\n\t\t\t\t\t<h3 class=\"elementor-heading-title elementor-size-large\">Itinerario<\/h3>\t\t\t\t<\/div>\n\t\t\t\t<\/div>\n\t\t\t\t<div class=\"elementor-element elementor-element-f9731bf elementor-widget elementor-widget-text-editor\" data-id=\"f9731bf\" data-element_type=\"widget\" data-widget_type=\"text-editor.default\">\n\t\t\t\t<div class=\"elementor-widget-container\">\n\t\t\t\t\t\t\t\t\t<p>En esta p\u00e1gina puedes descargar itinerarios para las diferentes etapas con la informaci\u00f3n b\u00e1sica de cada tramo.<\/p>\n\t\t\t\t\t\t\t\t<\/div>\n\t\t\t\t<\/div>\n\t\t\t\t\t<\/div>\n\t\t<\/div>\n\t\t\t\t<div class=\"elementor-column elementor-col-50 elementor-inner-column elementor-element elementor-element-56967b8\" data-id=\"56967b8\" data-element_type=\"column\">\n\t\t\t<div class=\"elementor-widget-wrap elementor-element-populated\">\n\t\t\t\t\t\t<div class=\"elementor-element elementor-element-450681c elementor-widget elementor-widget-image\" data-id=\"450681c\" data-element_type=\"widget\" data-widget_type=\"image.default\">\n\t\t\t\t<div class=\"elementor-widget-container\">\n\t\t\t\t\t\t\t\t\t\t\t\t\t\t\t<img loading=\"lazy\" decoding=\"async\" width=\"768\" height=\"512\" src=\"https:\/\/www.caminodesantiago.sk\/wp-content\/uploads\/mapa-trasy-na-orientaciu-768x512.jpg\" class=\"attachment-medium_large size-medium_large wp-image-1076\" alt=\"\" srcset=\"https:\/\/www.caminodesantiago.sk\/wp-content\/uploads\/mapa-trasy-na-orientaciu-768x512.jpg 768w, https:\/\/www.caminodesantiago.sk\/wp-content\/uploads\/mapa-trasy-na-orientaciu-600x400.jpg 600w, https:\/\/www.caminodesantiago.sk\/wp-content\/uploads\/mapa-trasy-na-orientaciu-650x434.jpg 650w, https:\/\/www.caminodesantiago.sk\/wp-content\/uploads\/mapa-trasy-na-orientaciu.jpg 1024w\" sizes=\"(max-width: 768px) 100vw, 768px\" \/>\t\t\t\t\t\t\t\t\t\t\t\t\t\t\t<\/div>\n\t\t\t\t<\/div>\n\t\t\t\t<div class=\"elementor-element elementor-element-bcd61d5 elementor-widget elementor-widget-heading\" data-id=\"bcd61d5\" data-element_type=\"widget\" data-widget_type=\"heading.default\">\n\t\t\t\t<div class=\"elementor-widget-container\">\n\t\t\t\t\t<h3 class=\"elementor-heading-title elementor-size-large\">Mapa<\/h3>\t\t\t\t<\/div>\n\t\t\t\t<\/div>\n\t\t\t\t<div class=\"elementor-element elementor-element-beb6568 elementor-widget elementor-widget-text-editor\" data-id=\"beb6568\" data-element_type=\"widget\" data-widget_type=\"text-editor.default\">\n\t\t\t\t<div class=\"elementor-widget-container\">\n\t\t\t\t\t\t\t\t\t<p>En Eslovaquia encontrar\u00e1s f\u00e1cilmente \u2014 en librer\u00edas y gasolineras \u2014 mapas detallados, modernos y actualizados de las diferentes regiones (escala 1 : 50 000 y 1 : 25 000). Estos mapas muestran los senderos de excursionismo y ciclismo e indican el tiempo aproximado que te tomar\u00e1 llegar hasta el punto m\u00e1s cercano.<\/p>\n\t\t\t\t\t\t\t\t<\/div>\n\t\t\t\t<\/div>\n\t\t\t\t\t<\/div>\n\t\t<\/div>\n\t\t\t\t\t<\/div>\n\t\t<\/section>\n\t\t\t\t\t<\/div>\n\t\t<\/div>\n\t\t\t\t\t<\/div>\n\t\t<\/section>\n\t\t\t\t<\/div>\n\t\t","protected":false},"excerpt":{"rendered":"<p>La mayor parte del Camino de Santiago en Eslovaquia sigue rutas oficiales de excursionismo y ciclismo, pero tambi\u00e9n encontrar\u00e1s tramos donde la ruta pasa por lugares sin este tipo de senderos. Por lo tanto, a pesar de estar relativamente bien marcado, te recomendamos usar un\u00a0mapa, gu\u00eda o navegaci\u00f3n digital en tu tel\u00e9fono. C\u00f3mo me puedo [&hellip;]<\/p>\n","protected":false},"author":1,"featured_media":1077,"parent":2718,"menu_order":0,"comment_status":"closed","ping_status":"closed","template":"","meta":{"_acf_changed":false,"footnotes":""},"categories":[137],"class_list":["post-2696","page","type-page","status-publish","has-post-thumbnail","hentry","category-informacion-practica-sobre-la-carretera"],"acf":[],"jetpack_sharing_enabled":true,"_links":{"self":[{"href":"https:\/\/www.caminodesantiago.sk\/es\/wp-json\/wp\/v2\/pages\/2696","targetHints":{"allow":["GET"]}}],"collection":[{"href":"https:\/\/www.caminodesantiago.sk\/es\/wp-json\/wp\/v2\/pages"}],"about":[{"href":"https:\/\/www.caminodesantiago.sk\/es\/wp-json\/wp\/v2\/types\/page"}],"author":[{"embeddable":true,"href":"https:\/\/www.caminodesantiago.sk\/es\/wp-json\/wp\/v2\/users\/1"}],"replies":[{"embeddable":true,"href":"https:\/\/www.caminodesantiago.sk\/es\/wp-json\/wp\/v2\/comments?post=2696"}],"version-history":[{"count":4,"href":"https:\/\/www.caminodesantiago.sk\/es\/wp-json\/wp\/v2\/pages\/2696\/revisions"}],"predecessor-version":[{"id":2756,"href":"https:\/\/www.caminodesantiago.sk\/es\/wp-json\/wp\/v2\/pages\/2696\/revisions\/2756"}],"up":[{"embeddable":true,"href":"https:\/\/www.caminodesantiago.sk\/es\/wp-json\/wp\/v2\/pages\/2718"}],"wp:featuredmedia":[{"embeddable":true,"href":"https:\/\/www.caminodesantiago.sk\/es\/wp-json\/wp\/v2\/media\/1077"}],"wp:attachment":[{"href":"https:\/\/www.caminodesantiago.sk\/es\/wp-json\/wp\/v2\/media?parent=2696"}],"wp:term":[{"taxonomy":"category","embeddable":true,"href":"https:\/\/www.caminodesantiago.sk\/es\/wp-json\/wp\/v2\/categories?post=2696"}],"curies":[{"name":"wp","href":"https:\/\/api.w.org\/{rel}","templated":true}]}}