{"id":2702,"date":"2022-02-17T13:27:08","date_gmt":"2022-02-17T12:27:08","guid":{"rendered":"https:\/\/www.caminodesantiago.sk\/debo-ir-solo-o-en-grupo\/"},"modified":"2023-03-17T13:13:05","modified_gmt":"2023-03-17T12:13:05","slug":"debo-ir-solo-o-en-grupo","status":"publish","type":"page","link":"https:\/\/www.caminodesantiago.sk\/es\/sobre-el-viaje\/debo-ir-solo-o-en-grupo\/","title":{"rendered":"Debo ir solo o en grupo?"},"content":{"rendered":"\t\t<div data-elementor-type=\"wp-page\" data-elementor-id=\"2702\" class=\"elementor elementor-2702 elementor-1196\">\n\t\t\t\t\t\t<section class=\"elementor-section elementor-top-section elementor-element elementor-element-a43a316 elementor-section-boxed elementor-section-height-default elementor-section-height-default\" data-id=\"a43a316\" data-element_type=\"section\">\n\t\t\t\t\t\t<div class=\"elementor-container elementor-column-gap-default\">\n\t\t\t\t\t<div class=\"elementor-column elementor-col-100 elementor-top-column elementor-element elementor-element-6d45a13\" data-id=\"6d45a13\" data-element_type=\"column\">\n\t\t\t<div class=\"elementor-widget-wrap elementor-element-populated\">\n\t\t\t\t\t\t<div class=\"elementor-element elementor-element-af06beb elementor-widget elementor-widget-text-editor\" data-id=\"af06beb\" data-element_type=\"widget\" data-widget_type=\"text-editor.default\">\n\t\t\t\t<div class=\"elementor-widget-container\">\n\t\t\t\t\t\t\t\t\t<p>Esta decisi\u00f3n es muy subjetiva. A algunos les gusta caminar solos mientras que otros prefieren hacerlo en compa\u00f1\u00eda. Ambas formas tienen sus ventajas.<\/p>\n<p><strong>Caminar solo<\/strong>\u00a0te da m\u00e1s tiempo y oportunidad de meditar y orar, de pensar en silencio y contemplar tu interior y el paisaje que te rodea sin interrupciones. No tienes que adaptarte al ritmo, las necesidades o a los planes de los dem\u00e1s. Tambi\u00e9n te ser\u00e1 m\u00e1s f\u00e1cil encontrar d\u00f3nde alojarte. Una persona que viaja sola tiene m\u00e1s oportunidades de conocer gente nueva y hacer nuevos amigos. A menudo sucede que dos peregrinos que van solos se encuentran y deciden continuar juntos. En este caso dominar otros idiomas es una gran ventaja.<\/p>\n<p>Sin embargo,\u00a0<strong>viajar en pareja o en grupo<\/strong>\u00a0tambi\u00e9n tiene mucho que ofrecer. Si no tomas el camino como un desaf\u00edo personal para enfrentar la soledad y la inseguridad, entonces puedes mejorar tu bienestar mental y sensaci\u00f3n de seguridad caminando en compa\u00f1\u00eda de una o varias personas. No s\u00f3lo ver\u00e1s si sabes adaptarte a los dem\u00e1s y reconciliar tus necesidades con las de otros, sino que tambi\u00e9n descubrir\u00e1s la belleza de compartir momentos de silencio y conversaci\u00f3n.<\/p>\n<p>Compartir con otros tus pensamientos, sentimientos y conocimientos es siempre una experiencia enriquecedora. Sin embargo, probablemente te sentir\u00e1s m\u00e1s a gusto si conoces bien a tu acompa\u00f1ante y sabes que no habr\u00e1 problema en adaptarse el uno al otro. Pero tampoco debes olvidar que viajar con personas que no conoces es una oportunidad ideal para cultivar el respeto mutuo y la tolerancia. Si aprendes esto no ser\u00e1 problema caminar en compa\u00f1\u00eda de personas muy distintas a ti y que hayan decidido hacer el Camino por motivos diferentes a los tuyos. El Camino nos lleva al entendimiento mutuo y nos ense\u00f1a a compartir con los dem\u00e1s nuestra opini\u00f3n y todo lo que le da sentido a la vida.<\/p>\n\t\t\t\t\t\t\t\t<\/div>\n\t\t\t\t<\/div>\n\t\t\t\t\t<\/div>\n\t\t<\/div>\n\t\t\t\t\t<\/div>\n\t\t<\/section>\n\t\t\t\t<section class=\"elementor-section elementor-top-section elementor-element elementor-element-e3063ba elementor-section-boxed elementor-section-height-default elementor-section-height-default\" data-id=\"e3063ba\" data-element_type=\"section\">\n\t\t\t\t\t\t<div class=\"elementor-container elementor-column-gap-default\">\n\t\t\t\t\t<div class=\"elementor-column elementor-col-50 elementor-top-column elementor-element elementor-element-3d3596e\" data-id=\"3d3596e\" data-element_type=\"column\">\n\t\t\t<div class=\"elementor-widget-wrap elementor-element-populated\">\n\t\t\t\t\t\t<div class=\"elementor-element elementor-element-70cddff elementor-widget elementor-widget-image\" data-id=\"70cddff\" data-element_type=\"widget\" data-widget_type=\"image.default\">\n\t\t\t\t<div class=\"elementor-widget-container\">\n\t\t\t\t\t\t\t\t\t\t\t\t\t\t\t<img fetchpriority=\"high\" decoding=\"async\" width=\"768\" height=\"512\" src=\"https:\/\/www.caminodesantiago.sk\/wp-content\/uploads\/putovanie-osamote-768x512.jpg\" class=\"attachment-medium_large size-medium_large wp-image-1074\" alt=\"\" srcset=\"https:\/\/www.caminodesantiago.sk\/wp-content\/uploads\/putovanie-osamote-768x512.jpg 768w, https:\/\/www.caminodesantiago.sk\/wp-content\/uploads\/putovanie-osamote-600x400.jpg 600w, https:\/\/www.caminodesantiago.sk\/wp-content\/uploads\/putovanie-osamote-650x434.jpg 650w, https:\/\/www.caminodesantiago.sk\/wp-content\/uploads\/putovanie-osamote.jpg 1024w\" sizes=\"(max-width: 768px) 100vw, 768px\" \/>\t\t\t\t\t\t\t\t\t\t\t\t\t\t\t<\/div>\n\t\t\t\t<\/div>\n\t\t\t\t\t<\/div>\n\t\t<\/div>\n\t\t\t\t<div class=\"elementor-column elementor-col-50 elementor-top-column elementor-element elementor-element-eede526\" data-id=\"eede526\" data-element_type=\"column\">\n\t\t\t<div class=\"elementor-widget-wrap elementor-element-populated\">\n\t\t\t\t\t\t<div class=\"elementor-element elementor-element-7a30285 elementor-widget elementor-widget-text-editor\" data-id=\"7a30285\" data-element_type=\"widget\" data-widget_type=\"text-editor.default\">\n\t\t\t\t<div class=\"elementor-widget-container\">\n\t\t\t\t\t\t\t\t\t<p><strong>Nota:<\/strong> Si hay dos personas caminando, una tiene una motivaci\u00f3n espiritual y religiosa predominante, la otra toma el viaje como una oportunidad para una caminata deportiva ligera o una aventura vacacional, entonces es muy probable que ninguna de las dos pueda vivir. a la altura de las expectativas de vivir el extraordinario ambiente del viaje de peregrinaci\u00f3n.<\/p>\n\t\t\t\t\t\t\t\t<\/div>\n\t\t\t\t<\/div>\n\t\t\t\t\t<\/div>\n\t\t<\/div>\n\t\t\t\t\t<\/div>\n\t\t<\/section>\n\t\t\t\t<\/div>\n\t\t","protected":false},"excerpt":{"rendered":"<p>Esta decisi\u00f3n es muy subjetiva. A algunos les gusta caminar solos mientras que otros prefieren hacerlo en compa\u00f1\u00eda. Ambas formas tienen sus ventajas. Caminar solo\u00a0te da m\u00e1s tiempo y oportunidad de meditar y orar, de pensar en silencio y contemplar tu interior y el paisaje que te rodea sin interrupciones. No tienes que adaptarte al [&hellip;]<\/p>\n","protected":false},"author":1,"featured_media":1074,"parent":2718,"menu_order":0,"comment_status":"closed","ping_status":"closed","template":"","meta":{"_acf_changed":false,"footnotes":""},"categories":[137],"class_list":["post-2702","page","type-page","status-publish","has-post-thumbnail","hentry","category-informacion-practica-sobre-la-carretera"],"acf":[],"jetpack_sharing_enabled":true,"_links":{"self":[{"href":"https:\/\/www.caminodesantiago.sk\/es\/wp-json\/wp\/v2\/pages\/2702","targetHints":{"allow":["GET"]}}],"collection":[{"href":"https:\/\/www.caminodesantiago.sk\/es\/wp-json\/wp\/v2\/pages"}],"about":[{"href":"https:\/\/www.caminodesantiago.sk\/es\/wp-json\/wp\/v2\/types\/page"}],"author":[{"embeddable":true,"href":"https:\/\/www.caminodesantiago.sk\/es\/wp-json\/wp\/v2\/users\/1"}],"replies":[{"embeddable":true,"href":"https:\/\/www.caminodesantiago.sk\/es\/wp-json\/wp\/v2\/comments?post=2702"}],"version-history":[{"count":3,"href":"https:\/\/www.caminodesantiago.sk\/es\/wp-json\/wp\/v2\/pages\/2702\/revisions"}],"predecessor-version":[{"id":2758,"href":"https:\/\/www.caminodesantiago.sk\/es\/wp-json\/wp\/v2\/pages\/2702\/revisions\/2758"}],"up":[{"embeddable":true,"href":"https:\/\/www.caminodesantiago.sk\/es\/wp-json\/wp\/v2\/pages\/2718"}],"wp:featuredmedia":[{"embeddable":true,"href":"https:\/\/www.caminodesantiago.sk\/es\/wp-json\/wp\/v2\/media\/1074"}],"wp:attachment":[{"href":"https:\/\/www.caminodesantiago.sk\/es\/wp-json\/wp\/v2\/media?parent=2702"}],"wp:term":[{"taxonomy":"category","embeddable":true,"href":"https:\/\/www.caminodesantiago.sk\/es\/wp-json\/wp\/v2\/categories?post=2702"}],"curies":[{"name":"wp","href":"https:\/\/api.w.org\/{rel}","templated":true}]}}