{"id":2704,"date":"2022-02-17T13:24:12","date_gmt":"2022-02-17T12:24:12","guid":{"rendered":"https:\/\/www.caminodesantiago.sk\/cuando-es-el-mejor-momento\/"},"modified":"2023-03-17T13:13:05","modified_gmt":"2023-03-17T12:13:05","slug":"cuando-es-el-mejor-momento","status":"publish","type":"page","link":"https:\/\/www.caminodesantiago.sk\/es\/sobre-el-viaje\/cuando-es-el-mejor-momento\/","title":{"rendered":"Cu\u00e1ndo es el mejor momento?"},"content":{"rendered":"\t\t<div data-elementor-type=\"wp-page\" data-elementor-id=\"2704\" class=\"elementor elementor-2704 elementor-1191\">\n\t\t\t\t\t\t<section class=\"elementor-section elementor-top-section elementor-element elementor-element-ca5a759 elementor-section-boxed elementor-section-height-default elementor-section-height-default\" data-id=\"ca5a759\" data-element_type=\"section\">\n\t\t\t\t\t\t<div class=\"elementor-container elementor-column-gap-default\">\n\t\t\t\t\t<div class=\"elementor-column elementor-col-100 elementor-top-column elementor-element elementor-element-038878d\" data-id=\"038878d\" data-element_type=\"column\">\n\t\t\t<div class=\"elementor-widget-wrap elementor-element-populated\">\n\t\t\t\t\t\t<div class=\"elementor-element elementor-element-fd7e9d2 elementor-widget elementor-widget-text-editor\" data-id=\"fd7e9d2\" data-element_type=\"widget\" data-widget_type=\"text-editor.default\">\n\t\t\t\t<div class=\"elementor-widget-container\">\n\t\t\t\t\t\t\t\t\t<p>El Camino eslovaco se puede hacer todo el a\u00f1o, pero en t\u00e9rminos de clima, los meses m\u00e1s favorables son\u00a0<strong>mayo, junio, septiembre y octubre<\/strong>.<\/p>\n<p>Tambi\u00e9n es posible hacerlo durante los meses de verano, es decir en\u00a0<strong>julio y agosto<\/strong>\u00a0pero debes tener en cuenta que puede hacer mucho calor y que te pueden pillar las tormentas t\u00edpicas de la tarde. Lo mejor ser\u00e1 que te levantes m\u00e1s temprano y aproveches que en esta \u00e9poca el sol aqu\u00ed sale muy pronto. Intenta llegar a tu meta alrededor de la una de la tarde, antes de que la temperatura suba a su m\u00e1ximo.<\/p>\n<p>El resto del a\u00f1o los d\u00edas son mucho m\u00e1s cortos y en el invierno suele haber mucha nieve y hielo en la monta\u00f1a. Por eso estos meses son m\u00e1s adecuados para peregrinos con experiencia y buen estado f\u00edsico, quienes no tienen problema con el mal tiempo, terrenos m\u00e1s dif\u00edciles y mochilas m\u00e1s pesadas. Recuerda adem\u00e1s que no todos los hospedajes est\u00e1n abiertos todo el a\u00f1o.<\/p>\n\t\t\t\t\t\t\t\t<\/div>\n\t\t\t\t<\/div>\n\t\t\t\t\t<\/div>\n\t\t<\/div>\n\t\t\t\t\t<\/div>\n\t\t<\/section>\n\t\t\t\t<\/div>\n\t\t","protected":false},"excerpt":{"rendered":"<p>El Camino eslovaco se puede hacer todo el a\u00f1o, pero en t\u00e9rminos de clima, los meses m\u00e1s favorables son\u00a0mayo, junio, septiembre y octubre. Tambi\u00e9n es posible hacerlo durante los meses de verano, es decir en\u00a0julio y agosto\u00a0pero debes tener en cuenta que puede hacer mucho calor y que te pueden pillar las tormentas t\u00edpicas de [&hellip;]<\/p>\n","protected":false},"author":1,"featured_media":1345,"parent":2718,"menu_order":0,"comment_status":"closed","ping_status":"closed","template":"","meta":{"_acf_changed":false,"footnotes":""},"categories":[139],"class_list":["post-2704","page","type-page","status-publish","has-post-thumbnail","hentry","category-preparacion-para-el-viaje"],"acf":[],"jetpack_sharing_enabled":true,"_links":{"self":[{"href":"https:\/\/www.caminodesantiago.sk\/es\/wp-json\/wp\/v2\/pages\/2704","targetHints":{"allow":["GET"]}}],"collection":[{"href":"https:\/\/www.caminodesantiago.sk\/es\/wp-json\/wp\/v2\/pages"}],"about":[{"href":"https:\/\/www.caminodesantiago.sk\/es\/wp-json\/wp\/v2\/types\/page"}],"author":[{"embeddable":true,"href":"https:\/\/www.caminodesantiago.sk\/es\/wp-json\/wp\/v2\/users\/1"}],"replies":[{"embeddable":true,"href":"https:\/\/www.caminodesantiago.sk\/es\/wp-json\/wp\/v2\/comments?post=2704"}],"version-history":[{"count":2,"href":"https:\/\/www.caminodesantiago.sk\/es\/wp-json\/wp\/v2\/pages\/2704\/revisions"}],"predecessor-version":[{"id":2759,"href":"https:\/\/www.caminodesantiago.sk\/es\/wp-json\/wp\/v2\/pages\/2704\/revisions\/2759"}],"up":[{"embeddable":true,"href":"https:\/\/www.caminodesantiago.sk\/es\/wp-json\/wp\/v2\/pages\/2718"}],"wp:featuredmedia":[{"embeddable":true,"href":"https:\/\/www.caminodesantiago.sk\/es\/wp-json\/wp\/v2\/media\/1345"}],"wp:attachment":[{"href":"https:\/\/www.caminodesantiago.sk\/es\/wp-json\/wp\/v2\/media?parent=2704"}],"wp:term":[{"taxonomy":"category","embeddable":true,"href":"https:\/\/www.caminodesantiago.sk\/es\/wp-json\/wp\/v2\/categories?post=2704"}],"curies":[{"name":"wp","href":"https:\/\/api.w.org\/{rel}","templated":true}]}}