{"id":2982,"date":"2024-05-14T13:55:07","date_gmt":"2024-05-14T11:55:07","guid":{"rendered":"https:\/\/www.caminodesantiago.sk\/product\/concha\/"},"modified":"2023-03-13T13:55:07","modified_gmt":"2023-03-13T12:55:07","slug":"concha","status":"publish","type":"product","link":"https:\/\/www.caminodesantiago.sk\/es\/product\/concha\/","title":{"rendered":"Concha"},"content":{"rendered":"<p>Durante siglos la concha de vieira ha sido el s\u00edmbolo no oficial de los peregrinos a la tumba del ap\u00f3stol Santiago. Aunque originalmente era la prueba que tra\u00eda el peregrino de que en realidad hab\u00eda llegado hasta Santiago de Compostela en Espa\u00f1a, hoy se ha convertido en el s\u00edmbolo de los peregrinos de todo el mundo, indistintamente de si llegan all\u00ed o no.<\/p>\n<p>En nuestra tienda puedes comprar una vieira con el escudo eslovaco, que representa claramente el tramo del Camino de Santiago en Eslovaquia. Viene equipada con un cord\u00f3n para que la cuelgues de tu mochila o tu ropa.<\/p>\n","protected":false},"excerpt":{"rendered":"<p>Durante siglos la concha de vieira ha sido el s\u00edmbolo no oficial de los peregrinos a la tumba del ap\u00f3stol Santiago. Aunque originalmente era la prueba que tra\u00eda el peregrino de que en realidad hab\u00eda llegado hasta Santiago de Compostela en Espa\u00f1a, hoy se ha convertido en el s\u00edmbolo de los peregrinos de todo el [&hellip;]<\/p>\n","protected":false},"featured_media":2508,"comment_status":"closed","ping_status":"closed","template":"","meta":{"_acf_changed":false},"product_brand":[],"product_cat":[148],"product_tag":[],"class_list":{"0":"post-2982","1":"product","2":"type-product","3":"status-publish","4":"has-post-thumbnail","6":"product_cat-equipo-del-peregrino","8":"first","9":"instock","10":"shipping-taxable","11":"purchasable","12":"product-type-simple"},"acf":[],"jetpack_sharing_enabled":true,"_links":{"self":[{"href":"https:\/\/www.caminodesantiago.sk\/es\/wp-json\/wp\/v2\/product\/2982","targetHints":{"allow":["GET"]}}],"collection":[{"href":"https:\/\/www.caminodesantiago.sk\/es\/wp-json\/wp\/v2\/product"}],"about":[{"href":"https:\/\/www.caminodesantiago.sk\/es\/wp-json\/wp\/v2\/types\/product"}],"replies":[{"embeddable":true,"href":"https:\/\/www.caminodesantiago.sk\/es\/wp-json\/wp\/v2\/comments?post=2982"}],"wp:featuredmedia":[{"embeddable":true,"href":"https:\/\/www.caminodesantiago.sk\/es\/wp-json\/wp\/v2\/media\/2508"}],"wp:attachment":[{"href":"https:\/\/www.caminodesantiago.sk\/es\/wp-json\/wp\/v2\/media?parent=2982"}],"wp:term":[{"taxonomy":"product_brand","embeddable":true,"href":"https:\/\/www.caminodesantiago.sk\/es\/wp-json\/wp\/v2\/product_brand?post=2982"},{"taxonomy":"product_cat","embeddable":true,"href":"https:\/\/www.caminodesantiago.sk\/es\/wp-json\/wp\/v2\/product_cat?post=2982"},{"taxonomy":"product_tag","embeddable":true,"href":"https:\/\/www.caminodesantiago.sk\/es\/wp-json\/wp\/v2\/product_tag?post=2982"}],"curies":[{"name":"wp","href":"https:\/\/api.w.org\/{rel}","templated":true}]}}