{"id":3003,"date":"2024-05-14T09:52:46","date_gmt":"2024-05-14T07:52:46","guid":{"rendered":"https:\/\/www.caminodesantiago.sk\/product\/guia-oficial-banska-bystrica-hronsky-benadik\/"},"modified":"2023-03-14T09:52:46","modified_gmt":"2023-03-14T08:52:46","slug":"guia-oficial-banska-bystrica-hronsky-benadik","status":"publish","type":"product","link":"https:\/\/www.caminodesantiago.sk\/es\/product\/guia-oficial-banska-bystrica-hronsky-benadik\/","title":{"rendered":"Gu\u00eda oficial Bansk\u00e1 Bystrica \u2013 Hronsk\u00fd Be\u0148adik"},"content":{"rendered":"<p>Las gu\u00edas son las cartillas oficiales que contienen informaci\u00f3n detallada sobre cada tramo, los mapas de las diferentes etapas, sitios de inter\u00e9s por el camino y opciones para comer y dormir.<\/p>\n<p>Recuerda que en algunos puntos el camino a\u00fan no est\u00e1 debidamente marcado. Por este motivo es indispensable que lleves contigo la gu\u00eda respectiva.<\/p>\n<p>Actualmente tienes a tu disposici\u00f3n gu\u00edas para los siguientes tramos. Las gu\u00edas de los otros tramos estar\u00e1n listas pr\u00f3ximamente.<\/p>\n","protected":false},"excerpt":{"rendered":"<p>Las gu\u00edas son las cartillas oficiales que contienen informaci\u00f3n detallada sobre cada tramo, los mapas de las diferentes etapas, sitios de inter\u00e9s por el camino y opciones para comer y dormir.<\/p>\n<p>Recuerda que en algunos puntos el camino a\u00fan no est\u00e1 debidamente marcado. Por este motivo es indispensable que lleves contigo la gu\u00eda respectiva.<\/p>\n<p>Actualmente tienes a tu disposici\u00f3n gu\u00edas para los siguientes tramos. Las gu\u00edas de los otros tramos estar\u00e1n listas pr\u00f3ximamente.<\/p>\n","protected":false},"featured_media":2523,"comment_status":"closed","ping_status":"closed","template":"","meta":{"_acf_changed":false},"product_brand":[],"product_cat":[159],"product_tag":[],"class_list":{"0":"post-3003","1":"product","2":"type-product","3":"status-publish","4":"has-post-thumbnail","6":"product_cat-guias-del-peregrino","8":"first","9":"instock","10":"shipping-taxable","11":"purchasable","12":"product-type-simple"},"acf":[],"jetpack_sharing_enabled":true,"_links":{"self":[{"href":"https:\/\/www.caminodesantiago.sk\/es\/wp-json\/wp\/v2\/product\/3003","targetHints":{"allow":["GET"]}}],"collection":[{"href":"https:\/\/www.caminodesantiago.sk\/es\/wp-json\/wp\/v2\/product"}],"about":[{"href":"https:\/\/www.caminodesantiago.sk\/es\/wp-json\/wp\/v2\/types\/product"}],"replies":[{"embeddable":true,"href":"https:\/\/www.caminodesantiago.sk\/es\/wp-json\/wp\/v2\/comments?post=3003"}],"wp:featuredmedia":[{"embeddable":true,"href":"https:\/\/www.caminodesantiago.sk\/es\/wp-json\/wp\/v2\/media\/2523"}],"wp:attachment":[{"href":"https:\/\/www.caminodesantiago.sk\/es\/wp-json\/wp\/v2\/media?parent=3003"}],"wp:term":[{"taxonomy":"product_brand","embeddable":true,"href":"https:\/\/www.caminodesantiago.sk\/es\/wp-json\/wp\/v2\/product_brand?post=3003"},{"taxonomy":"product_cat","embeddable":true,"href":"https:\/\/www.caminodesantiago.sk\/es\/wp-json\/wp\/v2\/product_cat?post=3003"},{"taxonomy":"product_tag","embeddable":true,"href":"https:\/\/www.caminodesantiago.sk\/es\/wp-json\/wp\/v2\/product_tag?post=3003"}],"curies":[{"name":"wp","href":"https:\/\/api.w.org\/{rel}","templated":true}]}}