{"id":2863,"date":"2022-02-16T20:50:27","date_gmt":"2022-02-16T19:50:27","guid":{"rendered":"https:\/\/www.caminodesantiago.sk\/kockazatok\/"},"modified":"2023-03-17T15:41:36","modified_gmt":"2023-03-17T14:41:36","slug":"kockazatok","status":"publish","type":"page","link":"https:\/\/www.caminodesantiago.sk\/hu\/a-szlovakiai-utvonalrol\/kockazatok\/","title":{"rendered":"Kock\u00e1zatok"},"content":{"rendered":"\t\t<div data-elementor-type=\"wp-page\" data-elementor-id=\"2863\" class=\"elementor elementor-2863 elementor-1101\">\n\t\t\t\t\t\t<section class=\"elementor-section elementor-top-section elementor-element elementor-element-9a23199 elementor-section-boxed elementor-section-height-default elementor-section-height-default\" data-id=\"9a23199\" data-element_type=\"section\">\n\t\t\t\t\t\t<div class=\"elementor-container elementor-column-gap-default\">\n\t\t\t\t\t<div class=\"elementor-column elementor-col-100 elementor-top-column elementor-element elementor-element-1e52540\" data-id=\"1e52540\" data-element_type=\"column\">\n\t\t\t<div class=\"elementor-widget-wrap elementor-element-populated\">\n\t\t\t\t\t\t<div class=\"elementor-element elementor-element-eb74ea8 elementor-widget elementor-widget-text-editor\" data-id=\"eb74ea8\" data-element_type=\"widget\" data-widget_type=\"text-editor.default\">\n\t\t\t\t<div class=\"elementor-widget-container\">\n\t\t\t\t\t\t\t\t\t<p>Minden \u00fatnak indul\u00f3 zar\u00e1ndoknak tiszt\u00e1ban kell lennie bizonyos kock\u00e1zatokkal, amelyekkel aj\u00e1nlatos sz\u00e1molni, \u00e9s lehet\u0151s\u00e9g szerint minimaliz\u00e1lni kell \u0151ket.<\/p>\n\t\t\t\t\t\t\t\t<\/div>\n\t\t\t\t<\/div>\n\t\t\t\t\t<\/div>\n\t\t<\/div>\n\t\t\t\t\t<\/div>\n\t\t<\/section>\n\t\t\t\t<section class=\"elementor-section elementor-top-section elementor-element elementor-element-e372135 elementor-section-boxed elementor-section-height-default elementor-section-height-default\" data-id=\"e372135\" data-element_type=\"section\" data-settings=\"{&quot;background_background&quot;:&quot;classic&quot;}\">\n\t\t\t\t\t\t<div class=\"elementor-container elementor-column-gap-default\">\n\t\t\t\t\t<div class=\"elementor-column elementor-col-100 elementor-top-column elementor-element elementor-element-e6c33ea\" data-id=\"e6c33ea\" data-element_type=\"column\">\n\t\t\t<div class=\"elementor-widget-wrap elementor-element-populated\">\n\t\t\t\t\t\t<div class=\"elementor-element elementor-element-0238fe0 elementor-widget elementor-widget-heading\" data-id=\"0238fe0\" data-element_type=\"widget\" data-widget_type=\"heading.default\">\n\t\t\t\t<div class=\"elementor-widget-container\">\n\t\t\t\t\t<h2 class=\"elementor-heading-title elementor-size-xl\">\u00c1ltal\u00e1nos kock\u00e1zatok<\/h2>\t\t\t\t<\/div>\n\t\t\t\t<\/div>\n\t\t\t\t<section class=\"elementor-section elementor-inner-section elementor-element elementor-element-cd8c685 elementor-section-boxed elementor-section-height-default elementor-section-height-default\" data-id=\"cd8c685\" data-element_type=\"section\">\n\t\t\t\t\t\t<div class=\"elementor-container elementor-column-gap-default\">\n\t\t\t\t\t<div class=\"elementor-column elementor-col-33 elementor-inner-column elementor-element elementor-element-87a482a\" data-id=\"87a482a\" data-element_type=\"column\">\n\t\t\t<div class=\"elementor-widget-wrap elementor-element-populated\">\n\t\t\t\t\t\t<div class=\"elementor-element elementor-element-9748921 elementor-widget elementor-widget-image\" data-id=\"9748921\" data-element_type=\"widget\" data-widget_type=\"image.default\">\n\t\t\t\t<div class=\"elementor-widget-container\">\n\t\t\t\t\t\t\t\t\t\t\t\t\t\t\t<img fetchpriority=\"high\" decoding=\"async\" width=\"768\" height=\"512\" src=\"https:\/\/www.caminodesantiago.sk\/wp-content\/uploads\/rizika-urazujpg-768x512.jpg\" class=\"attachment-medium_large size-medium_large wp-image-1104\" alt=\"\" srcset=\"https:\/\/www.caminodesantiago.sk\/wp-content\/uploads\/rizika-urazujpg-768x512.jpg 768w, https:\/\/www.caminodesantiago.sk\/wp-content\/uploads\/rizika-urazujpg-600x400.jpg 600w, https:\/\/www.caminodesantiago.sk\/wp-content\/uploads\/rizika-urazujpg-650x434.jpg 650w, https:\/\/www.caminodesantiago.sk\/wp-content\/uploads\/rizika-urazujpg.jpg 1024w\" sizes=\"(max-width: 768px) 100vw, 768px\" \/>\t\t\t\t\t\t\t\t\t\t\t\t\t\t\t<\/div>\n\t\t\t\t<\/div>\n\t\t\t\t\t<\/div>\n\t\t<\/div>\n\t\t\t\t<div class=\"elementor-column elementor-col-66 elementor-inner-column elementor-element elementor-element-59d750b\" data-id=\"59d750b\" data-element_type=\"column\">\n\t\t\t<div class=\"elementor-widget-wrap elementor-element-populated\">\n\t\t\t\t\t\t<div class=\"elementor-element elementor-element-48b5110 elementor-widget elementor-widget-text-editor\" data-id=\"48b5110\" data-element_type=\"widget\" data-widget_type=\"text-editor.default\">\n\t\t\t\t<div class=\"elementor-widget-container\">\n\t\t\t\t\t\t\t\t\t<p>Ide soroland\u00f3(k):\u00a0<strong>a hirtelen id\u0151j\u00e1r\u00e1s-v\u00e1ltoz\u00e1s, a d\u00e9lut\u00e1ni zivatarok (a ny\u00e1ri h\u00f3napokban), a t\u00e1j\u00e9koz\u00f3d\u00e1si probl\u00e9m\u00e1k, a v\u00e9letlen s\u00e9r\u00fcl\u00e9sek, a napsz\u00far\u00e1s<\/strong>\u00a0stb., vagyis azok a kock\u00e1zatok, amelyekkel a term\u00e9szetben m\u00e1s tev\u00e9kenys\u00e9gek (pl. t\u00far\u00e1z\u00e1s, gomb\u00e1sz\u00e1s) k\u00f6zben is szembes\u00fcl az ember. A megfelel\u0151 felszerel\u00e9ssel, a k\u00e9zn\u00e9l lev\u0151 els\u0151seg\u00e9lycsomaggal, az id\u0151j\u00e1r\u00e1s figyel\u00e9s\u00e9vel minimaliz\u00e1lhatjuk a vesz\u00e9lyt, \u00e9s j\u00f3 es\u00e9llyel biztons\u00e1gban, rendben j\u00e1rhatjuk v\u00e9gig az utunkat.<\/p>\n\t\t\t\t\t\t\t\t<\/div>\n\t\t\t\t<\/div>\n\t\t\t\t\t<\/div>\n\t\t<\/div>\n\t\t\t\t\t<\/div>\n\t\t<\/section>\n\t\t\t\t<div class=\"elementor-element elementor-element-9f4c4ec elementor-view-default elementor-position-top elementor-mobile-position-top elementor-widget elementor-widget-icon-box\" data-id=\"9f4c4ec\" data-element_type=\"widget\" data-widget_type=\"icon-box.default\">\n\t\t\t\t<div class=\"elementor-widget-container\">\n\t\t\t\t\t\t\t<div class=\"elementor-icon-box-wrapper\">\n\n\t\t\t\t\t\t<div class=\"elementor-icon-box-icon\">\n\t\t\t\t<span  class=\"elementor-icon\">\n\t\t\t\t<i aria-hidden=\"true\" class=\"fas fa-phone-alt\"><\/i>\t\t\t\t<\/span>\n\t\t\t<\/div>\n\t\t\t\n\t\t\t\t\t\t<div class=\"elementor-icon-box-content\">\n\n\t\t\t\t\t\t\t\t\t<div class=\"elementor-icon-box-title\">\n\t\t\t\t\t\t<span  >\n\t\t\t\t\t\t\tSeg\u00e9lyh\u00edv\u00f3 telefonsz\u00e1m: 112\t\t\t\t\t\t<\/span>\n\t\t\t\t\t<\/div>\n\t\t\t\t\n\t\t\t\t\n\t\t\t<\/div>\n\t\t\t\n\t\t<\/div>\n\t\t\t\t\t\t<\/div>\n\t\t\t\t<\/div>\n\t\t\t\t\t<\/div>\n\t\t<\/div>\n\t\t\t\t\t<\/div>\n\t\t<\/section>\n\t\t\t\t<section class=\"elementor-section elementor-top-section elementor-element elementor-element-59ca747 elementor-section-boxed elementor-section-height-default elementor-section-height-default\" data-id=\"59ca747\" data-element_type=\"section\">\n\t\t\t\t\t\t<div class=\"elementor-container elementor-column-gap-default\">\n\t\t\t\t\t<div class=\"elementor-column elementor-col-100 elementor-top-column elementor-element elementor-element-2ff7dd9\" data-id=\"2ff7dd9\" data-element_type=\"column\">\n\t\t\t<div class=\"elementor-widget-wrap elementor-element-populated\">\n\t\t\t\t\t\t<div class=\"elementor-element elementor-element-8fa3aff elementor-widget elementor-widget-heading\" data-id=\"8fa3aff\" data-element_type=\"widget\" data-widget_type=\"heading.default\">\n\t\t\t\t<div class=\"elementor-widget-container\">\n\t\t\t\t\t<h2 class=\"elementor-heading-title elementor-size-xl\">K\u00f6zutak<\/h2>\t\t\t\t<\/div>\n\t\t\t\t<\/div>\n\t\t\t\t<section class=\"elementor-section elementor-inner-section elementor-element elementor-element-0c77035 elementor-section-boxed elementor-section-height-default elementor-section-height-default\" data-id=\"0c77035\" data-element_type=\"section\">\n\t\t\t\t\t\t<div class=\"elementor-container elementor-column-gap-default\">\n\t\t\t\t\t<div class=\"elementor-column elementor-col-33 elementor-inner-column elementor-element elementor-element-4fc9019\" data-id=\"4fc9019\" data-element_type=\"column\">\n\t\t\t<div class=\"elementor-widget-wrap elementor-element-populated\">\n\t\t\t\t\t\t<div class=\"elementor-element elementor-element-b9c1cdf elementor-widget elementor-widget-image\" data-id=\"b9c1cdf\" data-element_type=\"widget\" data-widget_type=\"image.default\">\n\t\t\t\t<div class=\"elementor-widget-container\">\n\t\t\t\t\t\t\t\t\t\t\t\t\t\t\t<img decoding=\"async\" width=\"768\" height=\"512\" src=\"https:\/\/www.caminodesantiago.sk\/wp-content\/uploads\/mesto-nitra-768x512.jpg\" class=\"attachment-medium_large size-medium_large wp-image-1105\" alt=\"\" srcset=\"https:\/\/www.caminodesantiago.sk\/wp-content\/uploads\/mesto-nitra-768x512.jpg 768w, https:\/\/www.caminodesantiago.sk\/wp-content\/uploads\/mesto-nitra-600x400.jpg 600w, https:\/\/www.caminodesantiago.sk\/wp-content\/uploads\/mesto-nitra-650x434.jpg 650w, https:\/\/www.caminodesantiago.sk\/wp-content\/uploads\/mesto-nitra.jpg 1024w\" sizes=\"(max-width: 768px) 100vw, 768px\" \/>\t\t\t\t\t\t\t\t\t\t\t\t\t\t\t<\/div>\n\t\t\t\t<\/div>\n\t\t\t\t\t<\/div>\n\t\t<\/div>\n\t\t\t\t<div class=\"elementor-column elementor-col-66 elementor-inner-column elementor-element elementor-element-46ef9d6\" data-id=\"46ef9d6\" data-element_type=\"column\">\n\t\t\t<div class=\"elementor-widget-wrap elementor-element-populated\">\n\t\t\t\t\t\t<div class=\"elementor-element elementor-element-bce0dc8 elementor-widget elementor-widget-text-editor\" data-id=\"bce0dc8\" data-element_type=\"widget\" data-widget_type=\"text-editor.default\">\n\t\t\t\t<div class=\"elementor-widget-container\">\n\t\t\t\t\t\t\t\t\t<p>M\u00e1s jelleg\u0171 kock\u00e1zatot jelentenek azok a szakaszok, amelyek k\u00f6zutakat \u00e9rintenek. Noha minden esetben kisebb forgalm\u00fa, helyi jelent\u0151s\u00e9g\u0171 utakr\u00f3l van sz\u00f3, figyelembe kell venni, hogy ezek \u00e1ltal\u00e1ban keskenyebbek, kanyarg\u00f3sabbak, \u00e9s az \u00fattest sz\u00e9le gyakran egybeesik az \u00fatburkolat sz\u00e9l\u00e9vel, azaz \u00fatpadka n\u00e9lk\u00fcli utakon j\u00e1runk. Noha az \u00fattesten k\u00e9nyelmes a gyalogl\u00e1s, fokozottan \u00fcgyeln\u00fcnk kell a biztons\u00e1gra.<\/p>\n\t\t\t\t\t\t\t\t<\/div>\n\t\t\t\t<\/div>\n\t\t\t\t\t<\/div>\n\t\t<\/div>\n\t\t\t\t\t<\/div>\n\t\t<\/section>\n\t\t\t\t\t<\/div>\n\t\t<\/div>\n\t\t\t\t\t<\/div>\n\t\t<\/section>\n\t\t\t\t<section class=\"elementor-section elementor-top-section elementor-element elementor-element-3235354 elementor-section-boxed elementor-section-height-default elementor-section-height-default\" data-id=\"3235354\" data-element_type=\"section\" data-settings=\"{&quot;background_background&quot;:&quot;classic&quot;}\">\n\t\t\t\t\t\t<div class=\"elementor-container elementor-column-gap-default\">\n\t\t\t\t\t<div class=\"elementor-column elementor-col-100 elementor-top-column elementor-element elementor-element-f9be062\" data-id=\"f9be062\" data-element_type=\"column\">\n\t\t\t<div class=\"elementor-widget-wrap elementor-element-populated\">\n\t\t\t\t\t\t<div class=\"elementor-element elementor-element-40fef31 elementor-widget elementor-widget-heading\" data-id=\"40fef31\" data-element_type=\"widget\" data-widget_type=\"heading.default\">\n\t\t\t\t<div class=\"elementor-widget-container\">\n\t\t\t\t\t<h2 class=\"elementor-heading-title elementor-size-xl\">Medv\u00e9k<\/h2>\t\t\t\t<\/div>\n\t\t\t\t<\/div>\n\t\t\t\t<section class=\"elementor-section elementor-inner-section elementor-element elementor-element-1f73db4 elementor-section-boxed elementor-section-height-default elementor-section-height-default\" data-id=\"1f73db4\" data-element_type=\"section\">\n\t\t\t\t\t\t<div class=\"elementor-container elementor-column-gap-default\">\n\t\t\t\t\t<div class=\"elementor-column elementor-col-33 elementor-inner-column elementor-element elementor-element-fcab4d4\" data-id=\"fcab4d4\" data-element_type=\"column\">\n\t\t\t<div class=\"elementor-widget-wrap elementor-element-populated\">\n\t\t\t\t\t\t<div class=\"elementor-element elementor-element-f896403 elementor-widget elementor-widget-image\" data-id=\"f896403\" data-element_type=\"widget\" data-widget_type=\"image.default\">\n\t\t\t\t<div class=\"elementor-widget-container\">\n\t\t\t\t\t\t\t\t\t\t\t\t\t\t\t<img decoding=\"async\" width=\"768\" height=\"512\" src=\"https:\/\/www.caminodesantiago.sk\/wp-content\/uploads\/medved-riziko-768x512.jpg\" class=\"attachment-medium_large size-medium_large wp-image-1070\" alt=\"\" srcset=\"https:\/\/www.caminodesantiago.sk\/wp-content\/uploads\/medved-riziko-768x512.jpg 768w, https:\/\/www.caminodesantiago.sk\/wp-content\/uploads\/medved-riziko-600x400.jpg 600w, https:\/\/www.caminodesantiago.sk\/wp-content\/uploads\/medved-riziko-650x434.jpg 650w, https:\/\/www.caminodesantiago.sk\/wp-content\/uploads\/medved-riziko.jpg 1024w\" sizes=\"(max-width: 768px) 100vw, 768px\" \/>\t\t\t\t\t\t\t\t\t\t\t\t\t\t\t<\/div>\n\t\t\t\t<\/div>\n\t\t\t\t\t<\/div>\n\t\t<\/div>\n\t\t\t\t<div class=\"elementor-column elementor-col-66 elementor-inner-column elementor-element elementor-element-a970a0d\" data-id=\"a970a0d\" data-element_type=\"column\">\n\t\t\t<div class=\"elementor-widget-wrap elementor-element-populated\">\n\t\t\t\t\t\t<div class=\"elementor-element elementor-element-dc9e469 elementor-widget elementor-widget-text-editor\" data-id=\"dc9e469\" data-element_type=\"widget\" data-widget_type=\"text-editor.default\">\n\t\t\t\t<div class=\"elementor-widget-container\">\n\t\t\t\t\t\t\t\t\t<p>Szlov\u00e1kia hegyes-dombos orsz\u00e1g, \u00edgy azzal is sz\u00e1molnunk kell, hogy az erd\u0151s vid\u00e9keken a vadon \u00e9l\u0151 \u00e1llatok \u00e9l\u0151hely\u00e9t \u00e9rintj\u00fck. Ha legal\u00e1bb az al\u00e1bbi k\u00e9t szab\u00e1lyt betartjuk, nem kell tartanunk a vel\u00fck \u0336 konkr\u00e9tan az aggodalomra okot ad\u00f3 medv\u00e9kkel \u0336 val\u00f3 tal\u00e1lkoz\u00e1st\u00f3l.<\/p>\n<p>Az els\u0151 szab\u00e1ly: \u00fagy tervezz\u00fck meg az \u00fatszakaszokat, hogy azokon a ter\u00fcleteken, ahol medv\u00e9k fokozott el\u0151fordul\u00e1s\u00e1t jelzik,\u00a0<strong>f\u00e9nyes nappal haladjunk \u00e1t, vagyis<\/strong>\u00a0<strong>ne alkonyat ut\u00e1n vagy napfelkelte el\u0151tt<\/strong>.<\/p>\n<p>A m\u00e1sodik szab\u00e1ly: s\u0171r\u0171 n\u00f6v\u00e9nytakar\u00f3val bor\u00edtott ter\u00fcletekhez k\u00f6zeledve\u00a0<strong>m\u00e1r nagyobb t\u00e1vols\u00e1gb\u00f3l jelezz\u00fck az \u00e9rkez\u00e9s\u00fcnket<\/strong>\u00a0\u0336 \u00e9nekelj\u00fcnk, csapjunk zajt botokkal, besz\u00e9lgess\u00fcnk hangosan\u2026<br \/>\nHa fokozni szeretn\u00e9nk a biztons\u00e1g\u00e9rzet\u00fcnket, a h\u00e1tizs\u00e1kunkra kis cseng\u0151ket f\u00fcggeszthet\u00fcnk, vagy speci\u00e1lis medveriaszt\u00f3 spray-t is beszerezhet\u00fcnk. Ennek azonban csak akkor van \u00e9rtelme, ha a kez\u00fcnk \u00fcgy\u00e9ben tartjuk, p\u00e9ld\u00e1ul az \u00f6v\u00fcnkre csatolva, egy\u00e9bk\u00e9nt felesleges p\u00e9nzkidob\u00e1s \u00e9s teher.<\/p>\n<p>Fontos az is, hogy\u00a0<strong>ne hagyjunk magunk m\u00f6g\u00f6tt eldobva \u00e9telmarad\u00e9kot, \u00fcres konzervdobozokat!<\/strong> Ezek nemcsak a k\u00f6rnyezetet szennyezik, hanem messzir\u0151l magukhoz vonzz\u00e1k az \u00e1llatokat, \u00e9s ilyen m\u00f3don kock\u00e1zatnak teszik ki azokat a zar\u00e1ndokokat, akik a nyomunkban j\u00e1rnak.<\/p>\n\t\t\t\t\t\t\t\t<\/div>\n\t\t\t\t<\/div>\n\t\t\t\t<div class=\"elementor-element elementor-element-7b47348 elementor-widget elementor-widget-button\" data-id=\"7b47348\" data-element_type=\"widget\" data-widget_type=\"button.default\">\n\t\t\t\t<div class=\"elementor-widget-container\">\n\t\t\t\t\t\t\t\t\t<div class=\"elementor-button-wrapper\">\n\t\t\t\t\t<a class=\"elementor-button elementor-button-link elementor-size-sm\" href=\"https:\/\/www.medvede.sk\/index1.php?action=stretnutie\" target=\"_blank\" rel=\"nofollow\">\n\t\t\t\t\t\t<span class=\"elementor-button-content-wrapper\">\n\t\t\t\t\t\t\t\t\t<span class=\"elementor-button-text\">Tov\u00e1bbi inform\u00e1ci\u00f3t arr\u00f3l, hogy mit kell tennie, ha medv\u00e9vel tal\u00e1lkozik a Medvede.sk oldalon tal\u00e1l (angol nyelven)<\/span>\n\t\t\t\t\t<\/span>\n\t\t\t\t\t<\/a>\n\t\t\t\t<\/div>\n\t\t\t\t\t\t\t\t<\/div>\n\t\t\t\t<\/div>\n\t\t\t\t\t<\/div>\n\t\t<\/div>\n\t\t\t\t\t<\/div>\n\t\t<\/section>\n\t\t\t\t\t<\/div>\n\t\t<\/div>\n\t\t\t\t\t<\/div>\n\t\t<\/section>\n\t\t\t\t<\/div>\n\t\t","protected":false},"excerpt":{"rendered":"<p>Minden \u00fatnak indul\u00f3 zar\u00e1ndoknak tiszt\u00e1ban kell lennie bizonyos kock\u00e1zatokkal, amelyekkel aj\u00e1nlatos sz\u00e1molni, \u00e9s lehet\u0151s\u00e9g szerint minimaliz\u00e1lni kell \u0151ket. \u00c1ltal\u00e1nos kock\u00e1zatok Ide soroland\u00f3(k):\u00a0a hirtelen id\u0151j\u00e1r\u00e1s-v\u00e1ltoz\u00e1s, a d\u00e9lut\u00e1ni zivatarok (a ny\u00e1ri h\u00f3napokban), a t\u00e1j\u00e9koz\u00f3d\u00e1si probl\u00e9m\u00e1k, a v\u00e9letlen s\u00e9r\u00fcl\u00e9sek, a napsz\u00far\u00e1s\u00a0stb., vagyis azok a kock\u00e1zatok, amelyekkel a term\u00e9szetben m\u00e1s tev\u00e9kenys\u00e9gek (pl. t\u00far\u00e1z\u00e1s, gomb\u00e1sz\u00e1s) k\u00f6zben is szembes\u00fcl az ember. [&hellip;]<\/p>\n","protected":false},"author":1,"featured_media":1070,"parent":2871,"menu_order":0,"comment_status":"closed","ping_status":"closed","template":"","meta":{"_acf_changed":false,"footnotes":""},"categories":[141],"class_list":["post-2863","page","type-page","status-publish","has-post-thumbnail","hentry","category-gyakorlati-tudnivalok-az-utrol"],"acf":[],"jetpack_sharing_enabled":true,"_links":{"self":[{"href":"https:\/\/www.caminodesantiago.sk\/hu\/wp-json\/wp\/v2\/pages\/2863","targetHints":{"allow":["GET"]}}],"collection":[{"href":"https:\/\/www.caminodesantiago.sk\/hu\/wp-json\/wp\/v2\/pages"}],"about":[{"href":"https:\/\/www.caminodesantiago.sk\/hu\/wp-json\/wp\/v2\/types\/page"}],"author":[{"embeddable":true,"href":"https:\/\/www.caminodesantiago.sk\/hu\/wp-json\/wp\/v2\/users\/1"}],"replies":[{"embeddable":true,"href":"https:\/\/www.caminodesantiago.sk\/hu\/wp-json\/wp\/v2\/comments?post=2863"}],"version-history":[{"count":3,"href":"https:\/\/www.caminodesantiago.sk\/hu\/wp-json\/wp\/v2\/pages\/2863\/revisions"}],"predecessor-version":[{"id":2900,"href":"https:\/\/www.caminodesantiago.sk\/hu\/wp-json\/wp\/v2\/pages\/2863\/revisions\/2900"}],"up":[{"embeddable":true,"href":"https:\/\/www.caminodesantiago.sk\/hu\/wp-json\/wp\/v2\/pages\/2871"}],"wp:featuredmedia":[{"embeddable":true,"href":"https:\/\/www.caminodesantiago.sk\/hu\/wp-json\/wp\/v2\/media\/1070"}],"wp:attachment":[{"href":"https:\/\/www.caminodesantiago.sk\/hu\/wp-json\/wp\/v2\/media?parent=2863"}],"wp:term":[{"taxonomy":"category","embeddable":true,"href":"https:\/\/www.caminodesantiago.sk\/hu\/wp-json\/wp\/v2\/categories?post=2863"}],"curies":[{"name":"wp","href":"https:\/\/api.w.org\/{rel}","templated":true}]}}